{"id":978,"date":"2021-06-24T15:53:12","date_gmt":"2021-06-24T13:53:12","guid":{"rendered":"http:\/\/cienciasbiologicas.ulagos.cl\/?page_id=978"},"modified":"2024-04-26T23:49:52","modified_gmt":"2024-04-26T21:49:52","slug":"laboratorio-microscopia-avanzada","status":"publish","type":"page","link":"https:\/\/cienciasbiologicas.ulagos.cl\/?page_id=978","title":{"rendered":"Laboratorio Microscop\u00eda Electr\u00f3nica de Barrido"},"content":{"rendered":"<div class=\"row\">\n<div style=\"text-align: left;\"><a class=\"linkimagen\" href=\"http:\/\/cienciasbiologicas.ulagos.cl\/wp-content\/uploads\/2024\/04\/MEB.png\" data-lity=\"\" data-title=\"\"><img decoding=\"async\" class=\"img-responsive alignnone\" style=\"width: 452px; height: 183px;\" src=\"http:\/\/cienciasbiologicas.ulagos.cl\/wp-content\/uploads\/2024\/04\/MEB.png\" alt=\"none\" \/><\/a><\/div>\n<hr \/>\n<div style=\"text-align: left;\">El laboratorio de microscop\u00eda electr\u00f3nica de barrido (SEM) y microan\u00e1lisis elemental por dispersi\u00f3n de energ\u00edas de Rayos X (EDS) corresponde a equipamiento de punta de nuestro Departamento Acad\u00e9mico; convirti\u00e9ndose as\u00ed en el primer laboratorio de estas caracter\u00edsticas en la Regi\u00f3n de Los Lagos.<\/div>\n<h1><\/h1>\n<div style=\"text-align: left;\">Nuestro SEM-EDS permite microscop\u00eda correlativa y trabaja tanto en bajo vac\u00edo como en presi\u00f3n variable, siendo \u00fatil para todo tipo de muestras biol\u00f3gicas e inorg\u00e1nicas. Permite la observaci\u00f3n y registro de morfolog\u00edas (hasta 4 nm) y un an\u00e1lisis cuali\/cuantitativo de la distribuci\u00f3n de elemental en la superficie de estructuras bajo observaci\u00f3n (rango de masas at\u00f3micas desde 5 a 98 uma). Adem\u00e1s, incluye un compartimiento de muestras con refrigeraci\u00f3n Peltier para optimizar la operaci\u00f3n a bajo vac\u00edo con muestras h\u00famedas. La innovaci\u00f3n de funciones autom\u00e1ticas de alineamiento, saturaci\u00f3n de filamento, autofoco, autobrillantes, alineaci\u00f3n de apertura y alineaci\u00f3n de astigmatismo autom\u00e1tico, haciendo muy r\u00e1pida y eficiente la captura de im\u00e1genes de alta calidad.<\/div>\n<\/div>\n","protected":false},"excerpt":{"rendered":"<p>El laboratorio de microscop\u00eda electr\u00f3nica de barrido (SEM) y microan\u00e1lisis elemental por dispersi\u00f3n de energ\u00edas de Rayos X (EDS) corresponde a equipamiento de punta de nuestro Departamento Acad\u00e9mico; convirti\u00e9ndose as\u00ed en el primer laboratorio de estas caracter\u00edsticas en la Regi\u00f3n de Los Lagos. Nuestro SEM-EDS permite microscop\u00eda correlativa y trabaja tanto en bajo vac\u00edo como [&hellip;]<\/p>\n","protected":false},"author":5,"featured_media":0,"parent":18,"menu_order":0,"comment_status":"closed","ping_status":"closed","template":"template_menu_vertical.php","meta":{"_uag_custom_page_level_css":"","footnotes":""},"class_list":["post-978","page","type-page","status-publish","hentry"],"uagb_featured_image_src":{"full":false,"thumbnail":false,"medium":false,"medium_large":false,"large":false,"1536x1536":false,"2048x2048":false,"detacado_home":false,"home":false,"destacado":false},"uagb_author_info":{"display_name":"cristian","author_link":"https:\/\/cienciasbiologicas.ulagos.cl\/?author=5"},"uagb_comment_info":0,"uagb_excerpt":"El laboratorio de microscop\u00eda electr\u00f3nica de barrido (SEM) y microan\u00e1lisis elemental por dispersi\u00f3n de energ\u00edas de Rayos X (EDS) corresponde a equipamiento de punta de nuestro Departamento Acad\u00e9mico; convirti\u00e9ndose as\u00ed en el primer laboratorio de estas caracter\u00edsticas en la Regi\u00f3n de Los Lagos. Nuestro SEM-EDS permite microscop\u00eda correlativa y trabaja tanto en bajo vac\u00edo como&hellip;","_links":{"self":[{"href":"https:\/\/cienciasbiologicas.ulagos.cl\/index.php?rest_route=\/wp\/v2\/pages\/978","targetHints":{"allow":["GET"]}}],"collection":[{"href":"https:\/\/cienciasbiologicas.ulagos.cl\/index.php?rest_route=\/wp\/v2\/pages"}],"about":[{"href":"https:\/\/cienciasbiologicas.ulagos.cl\/index.php?rest_route=\/wp\/v2\/types\/page"}],"author":[{"embeddable":true,"href":"https:\/\/cienciasbiologicas.ulagos.cl\/index.php?rest_route=\/wp\/v2\/users\/5"}],"replies":[{"embeddable":true,"href":"https:\/\/cienciasbiologicas.ulagos.cl\/index.php?rest_route=%2Fwp%2Fv2%2Fcomments&post=978"}],"version-history":[{"count":26,"href":"https:\/\/cienciasbiologicas.ulagos.cl\/index.php?rest_route=\/wp\/v2\/pages\/978\/revisions"}],"predecessor-version":[{"id":1769,"href":"https:\/\/cienciasbiologicas.ulagos.cl\/index.php?rest_route=\/wp\/v2\/pages\/978\/revisions\/1769"}],"up":[{"embeddable":true,"href":"https:\/\/cienciasbiologicas.ulagos.cl\/index.php?rest_route=\/wp\/v2\/pages\/18"}],"wp:attachment":[{"href":"https:\/\/cienciasbiologicas.ulagos.cl\/index.php?rest_route=%2Fwp%2Fv2%2Fmedia&parent=978"}],"curies":[{"name":"wp","href":"https:\/\/api.w.org\/{rel}","templated":true}]}}