{"id":974,"date":"2021-06-24T15:44:31","date_gmt":"2021-06-24T13:44:31","guid":{"rendered":"http:\/\/cienciasbiologicas.ulagos.cl\/?page_id=974"},"modified":"2023-06-09T15:25:18","modified_gmt":"2023-06-09T13:25:18","slug":"autoridades","status":"publish","type":"page","link":"https:\/\/cienciasbiologicas.ulagos.cl\/?page_id=974","title":{"rendered":"Organizaci\u00f3n"},"content":{"rendered":"<p>El <span style=\"color: #003366;\"><strong>Departamento de Ciencias Biol\u00f3gicas &amp; Biodiversidad<\/strong> <strong>(Depto. CBB)<\/strong><\/span> es una unidad acad\u00e9mica que desde su \u00e1mbito de desarrollo aborda la ense\u00f1anza en sus distintos niveles formativos (pregrado, formaci\u00f3n continua, mag\u00edster y doctorado), la investigaci\u00f3n, el desarrollo y la innovaci\u00f3n (I+D+i); estableciendo nexos con la comunidad mediante acciones diversas que permiten interacciones a nivel local, regional, nacional y\/o internacional.<\/p>\n<p>La estructura organizacional de nuestro Departamento incluye la Direcci\u00f3n, la Subdirecci\u00f3n, el Consejo de Departamento, Encargados de Laboratorios, Encargados de \u00c1reas y colaboradores adscritos.<\/p>\n<p><a href=\"http:\/\/cienciasbiologicas.ulagos.cl\/wp-content\/uploads\/2023\/06\/Organigrama-CBB-23.png\" data-lity=\"\" data-title=\"\"><img decoding=\"async\" class=\"img-responsive aligncenter\" style=\"width: 470px; height: 380px;\" src=\"http:\/\/cienciasbiologicas.ulagos.cl\/wp-content\/uploads\/2023\/06\/Organigrama-CBB-23.png\" alt=\"none\" \/><\/a><\/p>\n<p>&nbsp;<\/p>\n<p>&nbsp;<\/p>\n<p>&nbsp;<\/p>\n","protected":false},"excerpt":{"rendered":"<p>El Departamento de Ciencias Biol\u00f3gicas &amp; Biodiversidad (Depto. CBB) es una unidad acad\u00e9mica que desde su \u00e1mbito de desarrollo aborda la ense\u00f1anza en sus distintos niveles formativos (pregrado, formaci\u00f3n continua, mag\u00edster y doctorado), la investigaci\u00f3n, el desarrollo y la innovaci\u00f3n (I+D+i); estableciendo nexos con la comunidad mediante acciones diversas que permiten interacciones a nivel local, [&hellip;]<\/p>\n","protected":false},"author":5,"featured_media":0,"parent":123,"menu_order":0,"comment_status":"closed","ping_status":"closed","template":"template_menu_vertical.php","meta":{"_uag_custom_page_level_css":"","footnotes":""},"class_list":["post-974","page","type-page","status-publish","hentry"],"uagb_featured_image_src":{"full":false,"thumbnail":false,"medium":false,"medium_large":false,"large":false,"1536x1536":false,"2048x2048":false,"detacado_home":false,"home":false,"destacado":false},"uagb_author_info":{"display_name":"cristian","author_link":"https:\/\/cienciasbiologicas.ulagos.cl\/?author=5"},"uagb_comment_info":0,"uagb_excerpt":"El Departamento de Ciencias Biol\u00f3gicas &amp; Biodiversidad (Depto. CBB) es una unidad acad\u00e9mica que desde su \u00e1mbito de desarrollo aborda la ense\u00f1anza en sus distintos niveles formativos (pregrado, formaci\u00f3n continua, mag\u00edster y doctorado), la investigaci\u00f3n, el desarrollo y la innovaci\u00f3n (I+D+i); estableciendo nexos con la comunidad mediante acciones diversas que permiten interacciones a nivel local,&hellip;","_links":{"self":[{"href":"https:\/\/cienciasbiologicas.ulagos.cl\/index.php?rest_route=\/wp\/v2\/pages\/974","targetHints":{"allow":["GET"]}}],"collection":[{"href":"https:\/\/cienciasbiologicas.ulagos.cl\/index.php?rest_route=\/wp\/v2\/pages"}],"about":[{"href":"https:\/\/cienciasbiologicas.ulagos.cl\/index.php?rest_route=\/wp\/v2\/types\/page"}],"author":[{"embeddable":true,"href":"https:\/\/cienciasbiologicas.ulagos.cl\/index.php?rest_route=\/wp\/v2\/users\/5"}],"replies":[{"embeddable":true,"href":"https:\/\/cienciasbiologicas.ulagos.cl\/index.php?rest_route=%2Fwp%2Fv2%2Fcomments&post=974"}],"version-history":[{"count":26,"href":"https:\/\/cienciasbiologicas.ulagos.cl\/index.php?rest_route=\/wp\/v2\/pages\/974\/revisions"}],"predecessor-version":[{"id":1568,"href":"https:\/\/cienciasbiologicas.ulagos.cl\/index.php?rest_route=\/wp\/v2\/pages\/974\/revisions\/1568"}],"up":[{"embeddable":true,"href":"https:\/\/cienciasbiologicas.ulagos.cl\/index.php?rest_route=\/wp\/v2\/pages\/123"}],"wp:attachment":[{"href":"https:\/\/cienciasbiologicas.ulagos.cl\/index.php?rest_route=%2Fwp%2Fv2%2Fmedia&parent=974"}],"curies":[{"name":"wp","href":"https:\/\/api.w.org\/{rel}","templated":true}]}}