{"id":803,"date":"2020-10-05T16:43:49","date_gmt":"2020-10-05T14:43:49","guid":{"rendered":"http:\/\/cienciasbiologicas.ulagos.cl\/?page_id=803"},"modified":"2020-10-05T16:43:49","modified_gmt":"2020-10-05T14:43:49","slug":"nosotros","status":"publish","type":"page","link":"https:\/\/cienciasbiologicas.ulagos.cl\/?page_id=803","title":{"rendered":"Nosotros"},"content":{"rendered":"<p>El profesorado de nuestro Departamento est\u00e1 conformado por 11 jornadas completas (4 Profesores Titulares y 6 Profesores Asociados) con formaci\u00f3n a nivel de Mag\u00edster, Doctorado y Postdoctorado que desarrollan sus investigaciones en los laboratorios y dependencias <i>ad-hoc<\/i> localizadas en el campus Osorno. Asimismo, los colaboradores adscritos a nuestra unidad acad\u00e9mica se desenvuelven en el \u00e1rea de la gesti\u00f3n administrativa y la asistencia t\u00e9cnica-profesional en los distintos laboratorios de investigaci\u00f3n y de docencia, que fortalecen en parte nuestra din\u00e1mica al interior del departamento.<\/p>\n","protected":false},"excerpt":{"rendered":"<p>El profesorado de nuestro Departamento est\u00e1 conformado por 11 jornadas completas (4 Profesores Titulares y 6 Profesores Asociados) con formaci\u00f3n a nivel de Mag\u00edster, Doctorado y Postdoctorado que desarrollan sus investigaciones en los laboratorios y dependencias ad-hoc localizadas en el campus Osorno. Asimismo, los colaboradores adscritos a nuestra unidad acad\u00e9mica se desenvuelven en el \u00e1rea [&hellip;]<\/p>\n","protected":false},"author":5,"featured_media":0,"parent":0,"menu_order":0,"comment_status":"closed","ping_status":"closed","template":"","meta":{"_uag_custom_page_level_css":"","footnotes":""},"class_list":["post-803","page","type-page","status-publish","hentry"],"uagb_featured_image_src":{"full":false,"thumbnail":false,"medium":false,"medium_large":false,"large":false,"1536x1536":false,"2048x2048":false,"banner":false,"bannerresponsive":false,"desta_pageleft":false,"detacado_home":false,"home":false,"homepost":false},"uagb_author_info":{"display_name":"cristian","author_link":"https:\/\/cienciasbiologicas.ulagos.cl\/?author=5"},"uagb_comment_info":0,"uagb_excerpt":"El profesorado de nuestro Departamento est\u00e1 conformado por 11 jornadas completas (4 Profesores Titulares y 6 Profesores Asociados) con formaci\u00f3n a nivel de Mag\u00edster, Doctorado y Postdoctorado que desarrollan sus investigaciones en los laboratorios y dependencias ad-hoc localizadas en el campus Osorno. Asimismo, los colaboradores adscritos a nuestra unidad acad\u00e9mica se desenvuelven en el \u00e1rea&hellip;","_links":{"self":[{"href":"https:\/\/cienciasbiologicas.ulagos.cl\/index.php?rest_route=\/wp\/v2\/pages\/803","targetHints":{"allow":["GET"]}}],"collection":[{"href":"https:\/\/cienciasbiologicas.ulagos.cl\/index.php?rest_route=\/wp\/v2\/pages"}],"about":[{"href":"https:\/\/cienciasbiologicas.ulagos.cl\/index.php?rest_route=\/wp\/v2\/types\/page"}],"author":[{"embeddable":true,"href":"https:\/\/cienciasbiologicas.ulagos.cl\/index.php?rest_route=\/wp\/v2\/users\/5"}],"replies":[{"embeddable":true,"href":"https:\/\/cienciasbiologicas.ulagos.cl\/index.php?rest_route=%2Fwp%2Fv2%2Fcomments&post=803"}],"version-history":[{"count":1,"href":"https:\/\/cienciasbiologicas.ulagos.cl\/index.php?rest_route=\/wp\/v2\/pages\/803\/revisions"}],"predecessor-version":[{"id":805,"href":"https:\/\/cienciasbiologicas.ulagos.cl\/index.php?rest_route=\/wp\/v2\/pages\/803\/revisions\/805"}],"wp:attachment":[{"href":"https:\/\/cienciasbiologicas.ulagos.cl\/index.php?rest_route=%2Fwp%2Fv2%2Fmedia&parent=803"}],"curies":[{"name":"wp","href":"https:\/\/api.w.org\/{rel}","templated":true}]}}