{"id":793,"date":"2020-10-05T16:37:26","date_gmt":"2020-10-05T14:37:26","guid":{"rendered":"http:\/\/cienciasbiologicas.ulagos.cl\/?page_id=793"},"modified":"2024-07-30T05:57:21","modified_gmt":"2024-07-30T03:57:21","slug":"profesorado-1","status":"publish","type":"page","link":"https:\/\/cienciasbiologicas.ulagos.cl\/?page_id=793","title":{"rendered":"Profesorado"},"content":{"rendered":"<p>Nuestro Departamento est\u00e1 conformado por 10 jornadas completas (3 Profesores Titulares y 7 Profesores Asociados) con formaci\u00f3n a nivel de Mag\u00edster, Doctorado y Postdoctorado que desarrollan sus investigaciones en los laboratorios y dependencias <i>ad-hoc<\/i> localizadas en el campus Osorno.<\/p>\n<div id=\"equipo-de-muestra\" class=\"panel-group\"><div class=\"panel panelacordion\"><a class=\"collapsed\" href=\"#equipo-de-muestra1\" data-toggle=\"collapse\" aria-expanded=\"true\">Carlos  Aranda<\/a><div id=\"equipo-de-muestra1\" class=\"panel-collapse collapse\">\n\n\n\n                                                  <div class=\"panel-body texto_footer_sub\"><div class=\"row\"><div class=\"col-xs-5\" style=\"padding-left: 0px;\"><img decoding=\"async\" src=\"http:\/\/cienciasbiologicas.ulagos.cl\/wp-content\/uploads\/2020\/07\/carlos-aranda.jpg\" style=\"width:100%; height:auto;max-width:150px\"><\/div><div class=\"col-xs-7 text-team-sub text-team-div\" >\n\n                    <span class=\"titulo\">Carlos  Aranda<\/span><br><span class=\"contenido\">Profesor Asociado A, Jornada Completa.<\/span><\/br><span class=\"footer\">56 64 2333390<br>caranda@ulagos.cl<\/span><\/div><\/div> <\/div><!-- panelbody -->\n\n\n\n\n                    <\/div><\/div><div class=\"panel panelacordion\"><a class=\"collapsed\" href=\"#equipo-de-muestra2\" data-toggle=\"collapse\" aria-expanded=\"true\">Rodrigo Barahona<\/a><div id=\"equipo-de-muestra2\" class=\"panel-collapse collapse\">\n\n\n\n                                                  <div class=\"panel-body texto_footer_sub\"><div class=\"row\"><div class=\"col-xs-5\" style=\"padding-left: 0px;\"><img decoding=\"async\" src=\"http:\/\/cienciasbiologicas.ulagos.cl\/wp-content\/uploads\/2023\/07\/Rodrigo-Barahona.jpg\" style=\"width:100%; height:auto;max-width:150px\"><\/div><div class=\"col-xs-7 text-team-sub text-team-div\" >\n\n                    <span class=\"titulo\">Rodrigo Barahona<\/span><br><span class=\"contenido\">Profesor Asociado C, Jornada Completa.<\/span><\/br><span class=\"footer\">56 64 2333099<br>rodrigo.barahona@ulagos.cl<\/span><\/div><\/div><div class=\"row text-team-sub\"><span class=\"titulo\">L\u00edneas de Investigaci\u00f3n<\/span><br><div class=\"datos-lineas-investigacion\"><span class=\"datos-academicos\"><a href=\"https:\/\/cienciasbiologicas.ulagos.cl\/?page_id=1694\">Ecolog\u00eda y Conservaci\u00f3n de Invertebrados<\/a>.<\/span><\/div><\/div><div class=\"row text-team-sub\"><span class=\"titulo\">Publicaciones<\/span><br><div class=\"datos-publicaciones\"><span class=\"datos-academicos\"><a href=\"https:\/\/www.researchgate.net\/profile\/Rodrigo-Barahona-Segovia\">www.researchgate.net\/profile\/Rodrigo-Barahona-Segovia<\/a>.<\/span><\/div><\/div> <\/div><!-- panelbody -->\n\n\n\n\n                    <\/div><\/div><div class=\"panel panelacordion\"><a class=\"collapsed\" href=\"#equipo-de-muestra3\" data-toggle=\"collapse\" aria-expanded=\"true\">Nelson Colihueque<\/a><div id=\"equipo-de-muestra3\" class=\"panel-collapse collapse\">\n\n\n\n                                                  <div class=\"panel-body texto_footer_sub\"><div class=\"row\"><div class=\"col-xs-5\" style=\"padding-left: 0px;\"><img decoding=\"async\" src=\"http:\/\/cienciasbiologicas.ulagos.cl\/wp-content\/uploads\/2020\/07\/nelson-colihueque.jpg\" style=\"width:100%; height:auto;max-width:150px\"><\/div><div class=\"col-xs-7 text-team-sub text-team-div\" >\n\n                    <span class=\"titulo\">Nelson Colihueque<\/span><br><span class=\"contenido\">Profesor Asociado A, Jornada Completa .<\/span><\/br><span class=\"footer\">56 64 2333131<br>ncolih@ulagos.cl<\/span><\/div><\/div><div class=\"row text-team-sub\"><span class=\"titulo\">L\u00edneas de Investigaci\u00f3n<\/span><br><div class=\"datos-lineas-investigacion\"><span class=\"datos-academicos\"><a href=\"http:\/\/cienciasbiologicas.ulagos.cl\/?page_id=137\">Gen\u00e9tica y biotecnolog\u00eda de organismos acu\u00e1ticos<\/a>.<\/span><\/div><\/div><div class=\"row text-team-sub\"><span class=\"titulo\">Publicaciones<\/span><br><\/div> <\/div><!-- panelbody -->\n\n\n\n\n                    <\/div><\/div><div class=\"panel panelacordion\"><a class=\"collapsed\" href=\"#equipo-de-muestra4\" data-toggle=\"collapse\" aria-expanded=\"true\">Julio E. Crespo<\/a><div id=\"equipo-de-muestra4\" class=\"panel-collapse collapse\">\n\n\n\n                                                  <div class=\"panel-body texto_footer_sub\"><div class=\"row\"><div class=\"col-xs-5\" style=\"padding-left: 0px;\"><img decoding=\"async\" src=\"http:\/\/cienciasbiologicas.ulagos.cl\/wp-content\/uploads\/2020\/07\/julio-crespo.jpg\" style=\"width:100%; height:auto;max-width:150px\"><\/div><div class=\"col-xs-7 text-team-sub text-team-div\" >\n\n                    <span class=\"titulo\">Julio E. Crespo<\/span><br><span class=\"contenido\">Profesor Asociado A, Jornada Completa .<\/span><\/br><span class=\"footer\">56 64 2333276<br>jcrespo@ulagos.cl<\/span><\/div><\/div><div class=\"row text-team-sub\"><span class=\"titulo\">L\u00edneas de Investigaci\u00f3n<\/span><br><div class=\"datos-lineas-investigacion\"><span class=\"datos-academicos\"><a href=\"http:\/\/cienciasbiologicas.ulagos.cl\/?page_id=200\">Diversidad biol\u00f3gica y sostenibilidad<\/a>.<\/span><\/div><\/div><div class=\"row text-team-sub\"><span class=\"titulo\">Publicaciones<\/span><br><\/div> <\/div><!-- panelbody -->\n\n\n\n\n                    <\/div><\/div><div class=\"panel panelacordion\"><a class=\"collapsed\" href=\"#equipo-de-muestra5\" data-toggle=\"collapse\" aria-expanded=\"true\">Gonzalo  Gajardo<\/a><div id=\"equipo-de-muestra5\" class=\"panel-collapse collapse\">\n\n\n\n                                                  <div class=\"panel-body texto_footer_sub\"><div class=\"row\"><div class=\"col-xs-5\" style=\"padding-left: 0px;\"><img decoding=\"async\" src=\"http:\/\/cienciasbiologicas.ulagos.cl\/wp-content\/uploads\/2020\/10\/gajardo2.jpg\" style=\"width:100%; height:auto;max-width:150px\"><\/div><div class=\"col-xs-7 text-team-sub text-team-div\" >\n\n                    <span class=\"titulo\">Gonzalo  Gajardo<\/span><br><span class=\"contenido\">Profesor Titular A, Jornada Completa .<\/span><\/br><span class=\"footer\">56 64 2333331<br>ggajardo@ulagos.cl<\/span><\/div><\/div><div class=\"row text-team-sub\"><span class=\"titulo\">L\u00edneas de Investigaci\u00f3n<\/span><br><div class=\"datos-lineas-investigacion\"><span class=\"datos-academicos\"><a href=\"http:\/\/cienciasbiologicas.ulagos.cl\/?page_id=207\">Gen\u00e9tica evolutiva de organismos acu\u00e1ticos<\/a>.<\/span><\/div><\/div><div class=\"row text-team-sub\"><span class=\"titulo\">Publicaciones<\/span><br><\/div> <\/div><!-- panelbody -->\n\n\n\n\n                    <\/div><\/div><div class=\"panel panelacordion\"><a class=\"collapsed\" href=\"#equipo-de-muestra6\" data-toggle=\"collapse\" aria-expanded=\"true\">Alberto  Gantz<\/a><div id=\"equipo-de-muestra6\" class=\"panel-collapse collapse\">\n\n\n\n                                                  <div class=\"panel-body texto_footer_sub\"><div class=\"row\"><div class=\"col-xs-5\" style=\"padding-left: 0px;\"><img decoding=\"async\" src=\"http:\/\/cienciasbiologicas.ulagos.cl\/wp-content\/uploads\/2020\/07\/alberto-gantz.jpg\" style=\"width:100%; height:auto;max-width:150px\"><\/div><div class=\"col-xs-7 text-team-sub text-team-div\" >\n\n                    <span class=\"titulo\">Alberto  Gantz<\/span><br><span class=\"contenido\">Profesor Asociado B, Jornada Completa .<\/span><\/br><span class=\"footer\">56 64 2333140<br>agantz@ulagos.cl<\/span><\/div><\/div><div class=\"row text-team-sub\"><span class=\"titulo\">L\u00edneas de Investigaci\u00f3n<\/span><br><div class=\"datos-lineas-investigacion\"><span class=\"datos-academicos\"><a href=\"http:\/\/cienciasbiologicas.ulagos.cl\/?page_id=209\">Ecolog\u00eda de la conservaci\u00f3n Agroecolog\u00eda Ornitolog\u00eda<\/a>.<\/span><\/div><\/div><div class=\"row text-team-sub\"><span class=\"titulo\">Publicaciones<\/span><br><\/div> <\/div><!-- panelbody -->\n\n\n\n\n                    <\/div><\/div><div class=\"panel panelacordion\"><a class=\"collapsed\" href=\"#equipo-de-muestra7\" data-toggle=\"collapse\" aria-expanded=\"true\">Constanza  Napolitano<\/a><div id=\"equipo-de-muestra7\" class=\"panel-collapse collapse\">\n\n\n\n                                                  <div class=\"panel-body texto_footer_sub\"><div class=\"row\"><div class=\"col-xs-5\" style=\"padding-left: 0px;\"><img decoding=\"async\" src=\"http:\/\/cienciasbiologicas.ulagos.cl\/wp-content\/uploads\/2020\/07\/constanzanapolitano.jpg\" style=\"width:100%; height:auto;max-width:150px\"><\/div><div class=\"col-xs-7 text-team-sub text-team-div\" >\n\n                    <span class=\"titulo\">Constanza  Napolitano<\/span><br><span class=\"contenido\">Profesora Asociada A, Jornada Completa .<\/span><\/br><span class=\"footer\">56 64 2333328<br>constanza.napolitano@ulagos.cl<\/span><\/div><\/div><div class=\"row text-team-sub\"><span class=\"titulo\">L\u00edneas de Investigaci\u00f3n<\/span><br><div class=\"datos-lineas-investigacion\"><span class=\"datos-academicos\"><a href=\"http:\/\/cienciasbiologicas.ulagos.cl\/?page_id=270\">Gen\u00e9tica de la conservaci\u00f3n<\/a>.<\/span><\/div><\/div><div class=\"row text-team-sub\"><span class=\"titulo\">Publicaciones<\/span><br><\/div> <\/div><!-- panelbody -->\n\n\n\n\n                    <\/div><\/div><div class=\"panel panelacordion\"><a class=\"collapsed\" href=\"#equipo-de-muestra8\" data-toggle=\"collapse\" aria-expanded=\"true\">Jaime  Rau<\/a><div id=\"equipo-de-muestra8\" class=\"panel-collapse collapse\">\n\n\n\n                                                  <div class=\"panel-body texto_footer_sub\"><div class=\"row\"><div class=\"col-xs-5\" style=\"padding-left: 0px;\"><img decoding=\"async\" src=\"http:\/\/cienciasbiologicas.ulagos.cl\/wp-content\/uploads\/2020\/07\/jaime-rau.jpg\" style=\"width:100%; height:auto;max-width:150px\"><\/div><div class=\"col-xs-7 text-team-sub text-team-div\" >\n\n                    <span class=\"titulo\">Jaime  Rau<\/span><br><span class=\"contenido\">Profesor Titular A, Jornada Completa .<\/span><\/br><span class=\"footer\">56 64 2333111<br>jrau@ulagos.cl<\/span><\/div><\/div><div class=\"row text-team-sub\"><span class=\"titulo\">L\u00edneas de Investigaci\u00f3n<\/span><br><div class=\"datos-lineas-investigacion\"><span class=\"datos-academicos\"><a href=\"http:\/\/cienciasbiologicas.ulagos.cl\/?page_id=209\">Ecolog\u00eda de vertebrados terrestres<\/a>.<\/span><\/div><\/div><div class=\"row text-team-sub\"><span class=\"titulo\">Publicaciones<\/span><br><\/div> <\/div><!-- panelbody -->\n\n\n\n\n                    <\/div><\/div><div class=\"panel panelacordion\"><a class=\"collapsed\" href=\"#equipo-de-muestra9\" data-toggle=\"collapse\" aria-expanded=\"true\">Cecilia  Smith<\/a><div id=\"equipo-de-muestra9\" class=\"panel-collapse collapse\">\n\n\n\n                                                  <div class=\"panel-body texto_footer_sub\"><div class=\"row\"><div class=\"col-xs-5\" style=\"padding-left: 0px;\"><img decoding=\"async\" src=\"http:\/\/cienciasbiologicas.ulagos.cl\/wp-content\/uploads\/2020\/07\/cecilia-smith.jpg\" style=\"width:100%; height:auto;max-width:150px\"><\/div><div class=\"col-xs-7 text-team-sub text-team-div\" >\n\n                    <span class=\"titulo\">Cecilia  Smith<\/span><br><span class=\"contenido\">Profesora Titular A, Jornada Completa .<\/span><\/br><span class=\"footer\">56 64 2333375<br>cecilia.smith@ulagos.cl<\/span><\/div><\/div><div class=\"row text-team-sub\"><span class=\"titulo\">L\u00edneas de Investigaci\u00f3n<\/span><br><div class=\"datos-lineas-investigacion\"><span class=\"datos-academicos\"><a href=\"http:\/\/cienciasbiologicas.ulagos.cl\/?page_id=211\">Ecolog\u00eda de comunidades y restauraci\u00f3n ecol\u00f3gica<\/a>.<\/span><\/div><\/div><div class=\"row text-team-sub\"><span class=\"titulo\">Publicaciones<\/span><br><\/div> <\/div><!-- panelbody -->\n\n\n\n\n                    <\/div><\/div><div class=\"panel panelacordion\"><a class=\"collapsed\" href=\"#equipo-de-muestra10\" data-toggle=\"collapse\" aria-expanded=\"true\">Carlos  Valdivia<\/a><div id=\"equipo-de-muestra10\" class=\"panel-collapse collapse\">\n\n\n\n                                                  <div class=\"panel-body texto_footer_sub\"><div class=\"row\"><div class=\"col-xs-5\" style=\"padding-left: 0px;\"><img decoding=\"async\" src=\"http:\/\/cienciasbiologicas.ulagos.cl\/wp-content\/uploads\/2024\/07\/carlos-valdivia_redondo.jpg\" style=\"width:100%; height:auto;max-width:150px\"><\/div><div class=\"col-xs-7 text-team-sub text-team-div\" >\n\n                    <span class=\"titulo\">Carlos  Valdivia<\/span><br><span class=\"contenido\">Profesor Asociado A, Jornada Completa .<\/span><\/br><span class=\"footer\">56 64 2333260<br>carlos.valdivia@ulagos.cl<\/span><\/div><\/div><div class=\"row text-team-sub\"><span class=\"titulo\">L\u00edneas de Investigaci\u00f3n<\/span><br><div class=\"datos-lineas-investigacion\"><span class=\"datos-academicos\"><a href=\"http:\/\/cienciasbiologicas.ulagos.cl\/?page_id=213\">Ecolog\u00eda Vegetal<\/a>.<\/span><\/div><\/div><div class=\"row text-team-sub\"><span class=\"titulo\">Publicaciones<\/span><br><\/div> <\/div><!-- panelbody -->\n\n\n\n\n                    <\/div><\/div><div style=\"clear:both;\"><\/div><\/div><!-- fin panel_group -->\n","protected":false},"excerpt":{"rendered":"<p>Nuestro Departamento est\u00e1 conformado por 10 jornadas completas (3 Profesores Titulares y 7 Profesores Asociados) con formaci\u00f3n a nivel de Mag\u00edster, Doctorado y Postdoctorado que desarrollan sus investigaciones en los laboratorios y dependencias ad-hoc localizadas en el campus Osorno.<\/p>\n","protected":false},"author":5,"featured_media":0,"parent":803,"menu_order":0,"comment_status":"closed","ping_status":"closed","template":"template_menu_vertical.php","meta":{"_uag_custom_page_level_css":"","footnotes":""},"class_list":["post-793","page","type-page","status-publish","hentry"],"uagb_featured_image_src":{"full":false,"thumbnail":false,"medium":false,"medium_large":false,"large":false,"1536x1536":false,"2048x2048":false,"detacado_home":false,"home":false,"destacado":false},"uagb_author_info":{"display_name":"cristian","author_link":"https:\/\/cienciasbiologicas.ulagos.cl\/?author=5"},"uagb_comment_info":0,"uagb_excerpt":"Nuestro Departamento est\u00e1 conformado por 10 jornadas completas (3 Profesores Titulares y 7 Profesores Asociados) con formaci\u00f3n a nivel de Mag\u00edster, Doctorado y Postdoctorado que desarrollan sus investigaciones en los laboratorios y dependencias ad-hoc localizadas en el campus Osorno.","_links":{"self":[{"href":"https:\/\/cienciasbiologicas.ulagos.cl\/index.php?rest_route=\/wp\/v2\/pages\/793","targetHints":{"allow":["GET"]}}],"collection":[{"href":"https:\/\/cienciasbiologicas.ulagos.cl\/index.php?rest_route=\/wp\/v2\/pages"}],"about":[{"href":"https:\/\/cienciasbiologicas.ulagos.cl\/index.php?rest_route=\/wp\/v2\/types\/page"}],"author":[{"embeddable":true,"href":"https:\/\/cienciasbiologicas.ulagos.cl\/index.php?rest_route=\/wp\/v2\/users\/5"}],"replies":[{"embeddable":true,"href":"https:\/\/cienciasbiologicas.ulagos.cl\/index.php?rest_route=%2Fwp%2Fv2%2Fcomments&post=793"}],"version-history":[{"count":10,"href":"https:\/\/cienciasbiologicas.ulagos.cl\/index.php?rest_route=\/wp\/v2\/pages\/793\/revisions"}],"predecessor-version":[{"id":1872,"href":"https:\/\/cienciasbiologicas.ulagos.cl\/index.php?rest_route=\/wp\/v2\/pages\/793\/revisions\/1872"}],"up":[{"embeddable":true,"href":"https:\/\/cienciasbiologicas.ulagos.cl\/index.php?rest_route=\/wp\/v2\/pages\/803"}],"wp:attachment":[{"href":"https:\/\/cienciasbiologicas.ulagos.cl\/index.php?rest_route=%2Fwp%2Fv2%2Fmedia&parent=793"}],"curies":[{"name":"wp","href":"https:\/\/api.w.org\/{rel}","templated":true}]}}