{"id":270,"date":"2020-07-06T18:10:15","date_gmt":"2020-07-06T16:10:15","guid":{"rendered":"http:\/\/cienciasbiologicas.ulagos.cl\/?page_id=270"},"modified":"2023-07-09T19:23:28","modified_gmt":"2023-07-09T17:23:28","slug":"laboratorio-de-genetica-de-la-conservacion-0","status":"publish","type":"page","link":"https:\/\/cienciasbiologicas.ulagos.cl\/?page_id=270","title":{"rendered":"Laboratorio Gen\u00e9tica de la Conservaci\u00f3n"},"content":{"rendered":"<div class=\"row\">\n<div class=\"col-md-4\"><img loading=\"lazy\" decoding=\"async\" class=\"img-responsive alignleft\" style=\"width: 204px; height: 207px;\" src=\"http:\/\/cienciasbiologicas.ulagos.cl\/wp-content\/uploads\/2020\/09\/napolitano1.jpg\" alt=\"none\" width=\"235\" height=\"238\" \/><\/div>\n<p>&nbsp;<\/p>\n<div class=\"col-md-8\"><b><span style=\"color: #003366;\">DRA. CONSTANZA NAPOLITANO<\/span><br \/>\n<\/b><a href=\"mailto:constanza.napolitano@ulagos.cl\" target=\"_blank\" rel=\"noopener noreferrer\">constanza.napolitano@ulagos.cl<\/a><\/div>\n<div>\u00a0 \u00a0 <a href=\"https:\/\/www.researchgate.net\/profile\/Constanza_Napolitano\" target=\"_blank\" rel=\"noopener noreferrer\">https:\/\/www.researchgate.net\/profile\/Constanza_Napolitano<\/a><\/div>\n<div>\u00a0 \u00a0 <a href=\"https:\/\/www.labgeco.cl\/\" target=\"_blank\" rel=\"noopener noreferrer\">https:\/\/www.labgeco.cl\/<\/a><\/div>\n<\/div>\n<p><span style=\"color: #003366;\"><strong>Gen\u00e9tica de la conservaci\u00f3n<\/strong><\/span><\/p>\n<p>El Laboratorio de Gen\u00e9tica de la Conservaci\u00f3n utiliza herramientas moleculares para responder preguntas ecol\u00f3gicas y evolutivas de la biodiversidad terrestre. El trabajo realizado busca integrar aspectos de gen\u00e9tica de poblaciones, filogeograf\u00eda, gen\u00f3mica y ecolog\u00eda, para describir y comprender los patrones de distribuci\u00f3n de la diversidad gen\u00e9tica. Con especial inter\u00e9s, se busca entender los efectos de las perturbaciones humanas sobre las poblaciones de vertebrados terrestres y su capacidad de respuesta, tal que nuestros resultados puedan informar la toma de decisiones para la conservaci\u00f3n de la biodiversidad del pa\u00eds. El trabajo contempla el estudio de especies nativas amenazadas, usualmente en bajas densidades y dif\u00edciles de rastrear, utilizando t\u00e9cnicas no invasivas de muestreo. Algunas \u00e1reas de estudio son: Identificaci\u00f3n de Unidades de Manejo (MU) y Unidades Evolutivas Significativas (ESU), procesos evolutivos y demogr\u00e1ficos, estructuraci\u00f3n gen\u00e9tica de poblaciones, patrones hist\u00f3ricos y contempor\u00e1neos de dispersi\u00f3n, efectos de la p\u00e9rdida y fragmentaci\u00f3n de h\u00e1bitat, parentesco y endogamia, impacto de especies ex\u00f3ticas invasoras sobre especies nativas, transmisi\u00f3n de pat\u00f3genos desde especies dom\u00e9sticas hacia nativas y patrones epidemiol\u00f3gicos, variaci\u00f3n en genes de respuesta inmune y resistencia a pat\u00f3genos.<\/p>\n<hr \/>\n<p><span style=\"color: #003366;\"><strong>Publicaciones destacadas<\/strong><\/span><\/p>\n<p><strong>Napolitano, C<\/strong>., Larraguibel-Gonza\u0301lez, C., Cepeda-Mercado, A.A., Vial, P. &amp; Sanderson, J. (2020). New records of <em>Leopardus guigna<\/em>\u00a0in its northern-most distribution in Chile: Implications for conservation. <em>Revista Chilena de Historia Natural<\/em> 93:7. <a href=\"https:\/\/doi.org\/10.1186\/s40693-020-00095-8\">https:\/\/doi.org\/10.1186\/s40693-020-00095-8<\/a><\/p>\n<p style=\"font-weight: 400;\">Sacrista\u0301n, I., Esperon, F., Cevidanes, A., Hidalgo, E., Cabello, J., Poulin, E., Mill\u00e1n, J., <strong>Napolitano, C.<\/strong> (2020). Antibiotic resistance genes as landscape anthropization indicators: Using a wild felid as sentinel in Chile. <em>Science of the Total Environment<\/em> 703:134900. <a href=\"https:\/\/doi.org\/10.1016\/j.scitotenv.2019.134900\">https:\/\/doi.org\/10.1016\/j.scitotenv.2019.134900<\/a><\/p>\n<p style=\"font-weight: 400;\">Sacrist\u00e1n, I., Acu\u00f1a, F., Aguilar, E., Garc\u00eda, S., L\u00f3pez, M.J., Cevidanes, A., Cabello, J., Hidalgo-Hermoso, E., Johnson, W.E., Poulin, E., Mill\u00e1n, J. &amp; <strong>Napolitano, C.<\/strong> (2019). Assessing cross-species transmission of hemoplasmas at the wild-domestic felid interface in Chile using genetic and landscape variables analysis. <em>Scientific Reports<\/em> 9:16816. <a href=\"https:\/\/doi.org\/10.1038\/s41598-019-53184-4\">https:\/\/doi.org\/10.1038\/s41598-019-53184-4<\/a><\/p>\n<p style=\"font-weight: 400;\">Romero, F., Espinoza, A., Sallaberry-Pincheira, N. &amp; <strong>Napolitano, C.<\/strong> (2019). A five-year retrospective study on patterns of casuistry and insights on the current status of wildlife rescue and rehabilitation centers in Chile. <em>Revista Chilena de Historia Natural<\/em> 92:6. <a href=\"https:\/\/doi.org\/10.1186\/s40693-019-0086-0\" data-saferedirecturl=\"https:\/\/www.google.com\/url?q=https:\/\/doi.org\/10.1186\/s40693-019-0086-0&amp;source=gmail&amp;ust=1601565621405000&amp;usg=AFQjCNGFq6Ya3OvSukN4h1CI7WWP9B2mXg\">doi.org\/10.1186\/s40693-019-0086-0<\/a>.<\/p>\n<p style=\"font-weight: 400;\"><strong>Napolitano, C.<\/strong>, D\u00edaz, D., Sanderson, J., Johnson, W.E., Ritland, K., Ritland, C.E. &amp; Poulin, E. (2015). Reduced genetic diversity and increased dispersal in Guigna (<em>Leopardus guigna<\/em>) in Chilean fragmented landscapes. <em>Journal of Heredity<\/em> 106(S1). <a href=\"https:\/\/doi.org\/10.1093\/jhered\/esv025\">https:\/\/doi.org\/10.1093\/jhered\/esv025<\/a><\/p>\n","protected":false},"excerpt":{"rendered":"<p>&nbsp; DRA. CONSTANZA NAPOLITANO constanza.napolitano@ulagos.cl \u00a0 \u00a0 https:\/\/www.researchgate.net\/profile\/Constanza_Napolitano \u00a0 \u00a0 https:\/\/www.labgeco.cl\/ Gen\u00e9tica de la conservaci\u00f3n El Laboratorio de Gen\u00e9tica de la Conservaci\u00f3n utiliza herramientas moleculares para responder preguntas ecol\u00f3gicas y evolutivas de la biodiversidad terrestre. El trabajo realizado busca integrar aspectos de gen\u00e9tica de poblaciones, filogeograf\u00eda, gen\u00f3mica y ecolog\u00eda, para describir y comprender los patrones [&hellip;]<\/p>\n","protected":false},"author":5,"featured_media":0,"parent":18,"menu_order":0,"comment_status":"closed","ping_status":"closed","template":"template_menu_vertical.php","meta":{"_uag_custom_page_level_css":"","footnotes":""},"class_list":["post-270","page","type-page","status-publish","hentry"],"uagb_featured_image_src":{"full":false,"thumbnail":false,"medium":false,"medium_large":false,"large":false,"1536x1536":false,"2048x2048":false,"detacado_home":false,"home":false,"destacado":false},"uagb_author_info":{"display_name":"cristian","author_link":"https:\/\/cienciasbiologicas.ulagos.cl\/?author=5"},"uagb_comment_info":0,"uagb_excerpt":"&nbsp; DRA. CONSTANZA NAPOLITANO constanza.napolitano@ulagos.cl \u00a0 \u00a0 https:\/\/www.researchgate.net\/profile\/Constanza_Napolitano \u00a0 \u00a0 https:\/\/www.labgeco.cl\/ Gen\u00e9tica de la conservaci\u00f3n El Laboratorio de Gen\u00e9tica de la Conservaci\u00f3n utiliza herramientas moleculares para responder preguntas ecol\u00f3gicas y evolutivas de la biodiversidad terrestre. El trabajo realizado busca integrar aspectos de gen\u00e9tica de poblaciones, filogeograf\u00eda, gen\u00f3mica y ecolog\u00eda, para describir y comprender los patrones&hellip;","_links":{"self":[{"href":"https:\/\/cienciasbiologicas.ulagos.cl\/index.php?rest_route=\/wp\/v2\/pages\/270","targetHints":{"allow":["GET"]}}],"collection":[{"href":"https:\/\/cienciasbiologicas.ulagos.cl\/index.php?rest_route=\/wp\/v2\/pages"}],"about":[{"href":"https:\/\/cienciasbiologicas.ulagos.cl\/index.php?rest_route=\/wp\/v2\/types\/page"}],"author":[{"embeddable":true,"href":"https:\/\/cienciasbiologicas.ulagos.cl\/index.php?rest_route=\/wp\/v2\/users\/5"}],"replies":[{"embeddable":true,"href":"https:\/\/cienciasbiologicas.ulagos.cl\/index.php?rest_route=%2Fwp%2Fv2%2Fcomments&post=270"}],"version-history":[{"count":31,"href":"https:\/\/cienciasbiologicas.ulagos.cl\/index.php?rest_route=\/wp\/v2\/pages\/270\/revisions"}],"predecessor-version":[{"id":1592,"href":"https:\/\/cienciasbiologicas.ulagos.cl\/index.php?rest_route=\/wp\/v2\/pages\/270\/revisions\/1592"}],"up":[{"embeddable":true,"href":"https:\/\/cienciasbiologicas.ulagos.cl\/index.php?rest_route=\/wp\/v2\/pages\/18"}],"wp:attachment":[{"href":"https:\/\/cienciasbiologicas.ulagos.cl\/index.php?rest_route=%2Fwp%2Fv2%2Fmedia&parent=270"}],"curies":[{"name":"wp","href":"https:\/\/api.w.org\/{rel}","templated":true}]}}