{"id":248,"date":"2020-07-06T05:49:33","date_gmt":"2020-07-06T03:49:33","guid":{"rendered":"http:\/\/cienciasbiologicas.ulagos.cl\/?page_id=248"},"modified":"2024-04-26T22:56:14","modified_gmt":"2024-04-26T20:56:14","slug":"algo-de-historia","status":"publish","type":"page","link":"https:\/\/cienciasbiologicas.ulagos.cl\/?page_id=248","title":{"rendered":"Rese\u00f1a Hist\u00f3rica"},"content":{"rendered":"<p>La historia departamental se remonta al a\u00f1o 1992, per\u00edodo en que surge el Departamento de Ciencias B\u00e1sicas dirigido en esa \u00e9poca por el Dr. Alberto Carvacho Bravo -uno de los fundadores y primer director- y que estuvo conformado inicialmente por acad\u00e9micos provenientes de los Departamentos de Qu\u00edmica y Alimentos, de Educaci\u00f3n y Ciencias, y de Acuicultura y Recursos Acu\u00e1ticos del ex Instituto Profesional de Osorno. Luego de la creaci\u00f3n de la Universidad de Los Lagos en septiembre de 1993, se decreta su dependencia a la Vicerrector\u00eda Acad\u00e9mica de la \u00e9poca.<\/p>\n<p>Luego de dos d\u00e9cadas de existencia como Departamento de Ciencias B\u00e1sicas, y tras m\u00faltiples esfuerzos, nuestra unidad acad\u00e9mica adopta el nombre de <span style=\"color: #003366;\"><b><span style=\"color: #000080;\">Departamento<\/span> de Ciencias Biol\u00f3gicas &amp; Biodiversidad (Depto. CBB<\/b><b>) <\/b><\/span>en octubre de 2012, bajo la direcci\u00f3n del Dr. Nelson Colihueque, reconocimiento que los cuerpos colegiados apoyaron en favor de la contextualizaci\u00f3n de su quehacer disciplinar en la instituci\u00f3n.<\/p>\n<p>A lo largo de su historia el Departamento de Ciencias Biol\u00f3gicas &amp; Biodiversidad ha sido dirigido por:<\/p>\n\n<table id=\"tablepress-6\" class=\"tablepress tablepress-id-6\">\n<tbody class=\"row-striping row-hover\">\n<tr class=\"row-1\">\n\t<td class=\"column-1\"><\/td><td class=\"column-2\"><\/td>\n<\/tr>\n<tr class=\"row-2\">\n\t<td class=\"column-1\">1992<\/td><td class=\"column-2\">Dr. Alberto Carvacho Bravo<\/td>\n<\/tr>\n<tr class=\"row-3\">\n\t<td class=\"column-1\">1993 a 1997 <\/td><td class=\"column-2\">Dr.  Gonzalo Mauricio Gajardo G\u00e1lvez<\/td>\n<\/tr>\n<tr class=\"row-4\">\n\t<td class=\"column-1\">1997 a 2001 <\/td><td class=\"column-2\">MSc. Guillermo Antonio Riffart Richards<\/td>\n<\/tr>\n<tr class=\"row-5\">\n\t<td class=\"column-1\">2001 a 2003 <\/td><td class=\"column-2\">MSc.  Jaime Arcadio Zapata Madrid<\/td>\n<\/tr>\n<tr class=\"row-6\">\n\t<td class=\"column-1\">2003 a 2005 <\/td><td class=\"column-2\">Msc. Erich Henry Rudolph Latorre<\/td>\n<\/tr>\n<tr class=\"row-7\">\n\t<td class=\"column-1\">2005 a 2009 <\/td><td class=\"column-2\">MSc. Jaime Arcadio Zapata Madrid<\/td>\n<\/tr>\n<tr class=\"row-8\">\n\t<td class=\"column-1\">2009 a 2011 <\/td><td class=\"column-2\">Dr. Alberto German Gantz Pinninghoff<\/td>\n<\/tr>\n<tr class=\"row-9\">\n\t<td class=\"column-1\">2011 a 2015<\/td><td class=\"column-2\">Dr. Nelson Colihueque Vargas<\/td>\n<\/tr>\n<tr class=\"row-10\">\n\t<td class=\"column-1\">2015 a 2017 <\/td><td class=\"column-2\">Dr. Carlos Eduardo Valdivia Prats<\/td>\n<\/tr>\n<tr class=\"row-11\">\n\t<td class=\"column-1\">2017 a 2019 <\/td><td class=\"column-2\">Dr. Carlos Patricio Aranda Borghero<\/td>\n<\/tr>\n<tr class=\"row-12\">\n\t<td class=\"column-1\">2019 a 2027<\/td><td class=\"column-2\">MSc. Julio Enrique Crespo Soto <\/td>\n<\/tr>\n<\/tbody>\n<\/table>\n<!-- #tablepress-6 from cache -->\n","protected":false},"excerpt":{"rendered":"<p>La historia departamental se remonta al a\u00f1o 1992, per\u00edodo en que surge el Departamento de Ciencias B\u00e1sicas dirigido en esa \u00e9poca por el Dr. Alberto Carvacho Bravo -uno de los fundadores y primer director- y que estuvo conformado inicialmente por acad\u00e9micos provenientes de los Departamentos de Qu\u00edmica y Alimentos, de Educaci\u00f3n y Ciencias, y de [&hellip;]<\/p>\n","protected":false},"author":3,"featured_media":0,"parent":123,"menu_order":0,"comment_status":"closed","ping_status":"closed","template":"template_menu_vertical.php","meta":{"_uag_custom_page_level_css":"","footnotes":""},"class_list":["post-248","page","type-page","status-publish","hentry"],"uagb_featured_image_src":{"full":false,"thumbnail":false,"medium":false,"medium_large":false,"large":false,"1536x1536":false,"2048x2048":false,"detacado_home":false,"home":false,"destacado":false},"uagb_author_info":{"display_name":"Julio Crespo","author_link":"https:\/\/cienciasbiologicas.ulagos.cl\/?author=3"},"uagb_comment_info":0,"uagb_excerpt":"La historia departamental se remonta al a\u00f1o 1992, per\u00edodo en que surge el Departamento de Ciencias B\u00e1sicas dirigido en esa \u00e9poca por el Dr. Alberto Carvacho Bravo -uno de los fundadores y primer director- y que estuvo conformado inicialmente por acad\u00e9micos provenientes de los Departamentos de Qu\u00edmica y Alimentos, de Educaci\u00f3n y Ciencias, y de&hellip;","_links":{"self":[{"href":"https:\/\/cienciasbiologicas.ulagos.cl\/index.php?rest_route=\/wp\/v2\/pages\/248","targetHints":{"allow":["GET"]}}],"collection":[{"href":"https:\/\/cienciasbiologicas.ulagos.cl\/index.php?rest_route=\/wp\/v2\/pages"}],"about":[{"href":"https:\/\/cienciasbiologicas.ulagos.cl\/index.php?rest_route=\/wp\/v2\/types\/page"}],"author":[{"embeddable":true,"href":"https:\/\/cienciasbiologicas.ulagos.cl\/index.php?rest_route=\/wp\/v2\/users\/3"}],"replies":[{"embeddable":true,"href":"https:\/\/cienciasbiologicas.ulagos.cl\/index.php?rest_route=%2Fwp%2Fv2%2Fcomments&post=248"}],"version-history":[{"count":21,"href":"https:\/\/cienciasbiologicas.ulagos.cl\/index.php?rest_route=\/wp\/v2\/pages\/248\/revisions"}],"predecessor-version":[{"id":1731,"href":"https:\/\/cienciasbiologicas.ulagos.cl\/index.php?rest_route=\/wp\/v2\/pages\/248\/revisions\/1731"}],"up":[{"embeddable":true,"href":"https:\/\/cienciasbiologicas.ulagos.cl\/index.php?rest_route=\/wp\/v2\/pages\/123"}],"wp:attachment":[{"href":"https:\/\/cienciasbiologicas.ulagos.cl\/index.php?rest_route=%2Fwp%2Fv2%2Fmedia&parent=248"}],"curies":[{"name":"wp","href":"https:\/\/api.w.org\/{rel}","templated":true}]}}