{"id":213,"date":"2020-07-04T00:32:01","date_gmt":"2020-07-03T22:32:01","guid":{"rendered":"http:\/\/cienciasbiologicas.ulagos.cl\/?page_id=213"},"modified":"2024-07-31T22:11:07","modified_gmt":"2024-07-31T20:11:07","slug":"laboratorio-de-vida-silvestre","status":"publish","type":"page","link":"https:\/\/cienciasbiologicas.ulagos.cl\/?page_id=213","title":{"rendered":"Laboratorio de Vida Silvestre"},"content":{"rendered":"<div class=\"row\">\n<div class=\"col-md-4\"><a class=\"linkimagen\" href=\"http:\/\/cienciasbiologicas.ulagos.cl\/wp-content\/uploads\/2024\/07\/carlos-valdivia.jpg\" data-lity=\"\" data-title=\"\"><img loading=\"lazy\" decoding=\"async\" class=\"img-responsive alignnone\" style=\"width: 192px; height: 194px;\" src=\"http:\/\/cienciasbiologicas.ulagos.cl\/wp-content\/uploads\/2024\/07\/carlos-valdivia.jpg\" alt=\"left\" width=\"235\" height=\"238\" \/><\/a><\/div>\n<div class=\"col-md-8\"><b><span style=\"color: #003366;\">DR. CARLOS VALDIVIA<\/span><br \/>\n<\/b><a href=\"mailto:carlos.valdivia@ulagos.cl\" target=\"_blank\" rel=\"noopener noreferrer\">carlos.valdivia@ulagos.cl<\/a><\/div>\n<div>\u00a0 \u00a0 <a href=\"https:\/\/www.researchgate.net\/profile\/Carlos_Valdivia\" target=\"_blank\" rel=\"noopener noreferrer\">https:\/\/www.researchgate.net\/profile\/Carlos_Valdivia<\/a><\/div>\n<\/div>\n<p>&nbsp;<\/p>\n<p><span style=\"color: #003366;\"><b>Ecolog\u00eda de la reproducci\u00f3n en plantas<\/b><\/span><\/p>\n<p>Desde la perspectiva de las interacciones planta-animal (i.e., polinizaci\u00f3n, herbivor\u00eda, frugivor\u00eda), y como estas \u00faltimas han determinado el establecimiento de los sistemas reproductivos, los mecanismos de polinizaci\u00f3n, la germinaci\u00f3n de semillas y el reclutamiento poblacional de nuevos individuos. El an\u00e1lisis se realiza desde la perspectiva disciplinaria dada por la ecolog\u00eda evolutiva (i.e., mecanismos de selecci\u00f3n e integraci\u00f3n fenot\u00edpica), la biolog\u00eda de la conservaci\u00f3n (i.e., efectos de la destrucci\u00f3n del h\u00e1bitat, fragmentaci\u00f3n, invasiones biol\u00f3gicas) y la interface entre ambas disciplinas (i.e., disrupciones en las interacciones planta-animal debido a la acci\u00f3n del hombre sobre los ecosistemas boscosos tanto templados como escler\u00f3filos).<\/p>\n","protected":false},"excerpt":{"rendered":"<p>DR. CARLOS VALDIVIA carlos.valdivia@ulagos.cl \u00a0 \u00a0 https:\/\/www.researchgate.net\/profile\/Carlos_Valdivia &nbsp; Ecolog\u00eda de la reproducci\u00f3n en plantas Desde la perspectiva de las interacciones planta-animal (i.e., polinizaci\u00f3n, herbivor\u00eda, frugivor\u00eda), y como estas \u00faltimas han determinado el establecimiento de los sistemas reproductivos, los mecanismos de polinizaci\u00f3n, la germinaci\u00f3n de semillas y el reclutamiento poblacional de nuevos individuos. El an\u00e1lisis se [&hellip;]<\/p>\n","protected":false},"author":5,"featured_media":0,"parent":18,"menu_order":4,"comment_status":"closed","ping_status":"closed","template":"template_menu_vertical.php","meta":{"_uag_custom_page_level_css":"","footnotes":""},"class_list":["post-213","page","type-page","status-publish","hentry"],"uagb_featured_image_src":{"full":false,"thumbnail":false,"medium":false,"medium_large":false,"large":false,"1536x1536":false,"2048x2048":false,"detacado_home":false,"home":false,"destacado":false},"uagb_author_info":{"display_name":"cristian","author_link":"https:\/\/cienciasbiologicas.ulagos.cl\/?author=5"},"uagb_comment_info":0,"uagb_excerpt":"DR. CARLOS VALDIVIA carlos.valdivia@ulagos.cl \u00a0 \u00a0 https:\/\/www.researchgate.net\/profile\/Carlos_Valdivia &nbsp; Ecolog\u00eda de la reproducci\u00f3n en plantas Desde la perspectiva de las interacciones planta-animal (i.e., polinizaci\u00f3n, herbivor\u00eda, frugivor\u00eda), y como estas \u00faltimas han determinado el establecimiento de los sistemas reproductivos, los mecanismos de polinizaci\u00f3n, la germinaci\u00f3n de semillas y el reclutamiento poblacional de nuevos individuos. El an\u00e1lisis se&hellip;","_links":{"self":[{"href":"https:\/\/cienciasbiologicas.ulagos.cl\/index.php?rest_route=\/wp\/v2\/pages\/213","targetHints":{"allow":["GET"]}}],"collection":[{"href":"https:\/\/cienciasbiologicas.ulagos.cl\/index.php?rest_route=\/wp\/v2\/pages"}],"about":[{"href":"https:\/\/cienciasbiologicas.ulagos.cl\/index.php?rest_route=\/wp\/v2\/types\/page"}],"author":[{"embeddable":true,"href":"https:\/\/cienciasbiologicas.ulagos.cl\/index.php?rest_route=\/wp\/v2\/users\/5"}],"replies":[{"embeddable":true,"href":"https:\/\/cienciasbiologicas.ulagos.cl\/index.php?rest_route=%2Fwp%2Fv2%2Fcomments&post=213"}],"version-history":[{"count":14,"href":"https:\/\/cienciasbiologicas.ulagos.cl\/index.php?rest_route=\/wp\/v2\/pages\/213\/revisions"}],"predecessor-version":[{"id":1880,"href":"https:\/\/cienciasbiologicas.ulagos.cl\/index.php?rest_route=\/wp\/v2\/pages\/213\/revisions\/1880"}],"up":[{"embeddable":true,"href":"https:\/\/cienciasbiologicas.ulagos.cl\/index.php?rest_route=\/wp\/v2\/pages\/18"}],"wp:attachment":[{"href":"https:\/\/cienciasbiologicas.ulagos.cl\/index.php?rest_route=%2Fwp%2Fv2%2Fmedia&parent=213"}],"curies":[{"name":"wp","href":"https:\/\/api.w.org\/{rel}","templated":true}]}}