{"id":209,"date":"2020-07-04T00:31:04","date_gmt":"2020-07-03T22:31:04","guid":{"rendered":"http:\/\/cienciasbiologicas.ulagos.cl\/?page_id=209"},"modified":"2021-10-21T02:54:01","modified_gmt":"2021-10-21T00:54:01","slug":"laboratorio-de-ecologia","status":"publish","type":"page","link":"https:\/\/cienciasbiologicas.ulagos.cl\/?page_id=209","title":{"rendered":"Laboratorio de Ecolog\u00eda"},"content":{"rendered":"<div class=\"row\">\n<div class=\"col-md-4\"><img loading=\"lazy\" decoding=\"async\" class=\"img-responsive alignleft\" style=\"width: 184px; height: 186px;\" src=\"http:\/\/cienciasbiologicas.ulagos.cl\/wp-content\/uploads\/2020\/09\/rau1.jpg\" alt=\"none\" width=\"235\" height=\"238\" \/><\/div>\n<p>&nbsp;<\/p>\n<div class=\"col-md-8\"><b><span style=\"color: #003366;\">DR. JAIME RAU<\/span><br \/>\n<\/b><a href=\"mailto:jrau@ulagos.cl\" target=\"_blank\" rel=\"noopener noreferrer\">jrau@ulagos.cl<\/a><\/div>\n<div>\u00a0 \u00a0 <a href=\"https:\/\/www.researchgate.net\/profile\/Jaime_Rau\" target=\"_blank\" rel=\"noopener noreferrer\">https:\/\/www.researchgate.net\/profile\/Jaime_Rau<\/a><\/div>\n<div>\u00a0 \u00a0 <a href=\"https:\/\/ulagos-cl.academia.edu\/JaimeRRau\">https:\/\/ulagos-cl.academia.edu\/JaimeRRau<\/a><\/div>\n<div>\u00a0 \u00a0 <a href=\"https:\/\/www.researchgate.net\/lab\/Jaime-R-Rau-Lab\">https:\/\/www.researchgate.net\/lab\/Jaime-R-Rau-Lab<\/a><\/div>\n<div>\u00a0 \u00a0 <a href=\"https:\/\/publons.com\/author\/445278\/jaime-r-rau#profile\">https:\/\/publons.com\/author\/445278\/jaime-r-rau#profile<\/a><\/div>\n<div>\u00a0 \u00a0\u00a0<a href=\"http:\/\/scholar.google.es\/citations?user=QRRSCXAAAAAJ\">http:\/\/scholar.google.es\/citations?user=QRRSCXAAAAAJ<\/a><\/div>\n<\/div>\n<p>&nbsp;<\/p>\n<p><span style=\"color: #003366;\"><b>Ecolog\u00eda de poblaciones de mam\u00edferos carn\u00edvoros y aves rapaces, manejo de vida silvestre y conservaci\u00f3n biol\u00f3gica <\/b><\/span><\/p>\n<p>Se persigue comprender el papel ecol\u00f3gico de las interrelaciones depredador-presa como procesos de regulaci\u00f3n num\u00e9rica (i.e., control de las presas), espacial (i.e., restricci\u00f3n del uso de h\u00e1bitat por las presas) y comportamental (i.e., respuesta num\u00e9rica y funcional) en ecosistemas boscosos templados y agroecosistemas de la zona sur-austral de Chile. En el campo del manejo de la vida silvestre y conservaci\u00f3n biol\u00f3gica propender al control biol\u00f3gico de las presas por predadores y\/o el control de predadores plaga maximizando el mantenimiento de la biodiversidad en paisajes fragmentados.<\/p>\n<hr \/>\n<p><span style=\"color: #003366;\"><strong>Publicaciones destacadas<\/strong><\/span><\/p>\n<p>Mart\u00ednez, D.R., <strong>Rau, J.R.<\/strong> &amp; Jaksic, F.M. (1993). Numerical response and diet selectivity of foxes (<em>Pseudalopex<\/em> spp) faced with a prey decrease in northern Chile. <em>R<\/em><em>evista Chilena de Historia Natural<\/em> 66(2): 195-202.<\/p>\n<p><strong>Rau, J.R.<\/strong> &amp; Jim\u00e9nez, J.E.\u00a0(2002). Diet of Puma (<em>Puma concolor<\/em>, Carnivora: Felidae) in Coastal and Andean Ranges of Southern Chile. <em>Studies on Neotropical Fauna and Environment<\/em> 37(3): 201-205. Doi:\u00a0<a href=\"https:\/\/doi.org\/10.1076\/snfe.37.3.201.8567\">10.1076\/snfe.37.3.201.8567<\/a><\/p>\n<p>Cort\u00e9s, A., <strong>Rau, J.R.<\/strong>, Miranda, E. &amp; Jim\u00e9nez, J.E. (2002). Food-habits of Lagidium viscacia and Abrocoma cinerea: syntopic rodents in high Andean environments of northern Chile. <em>Revista Chilena de Historia Natural<\/em> 75(3):583-593.<\/p>\n<p>Spotorno, A.E., Zuleta, C. Gantz, A. Saiz, F., <strong>Rau, J.<\/strong>, Rosenmann, M., Cort\u00e9s, A., Ruiz, G., Yates, L., Couve, E. &amp; Mar\u00edn, J.C. (1998). Systematics and adaptation of mammals, birds and phytophagous insects of the Antofagasta Region, Chile. <em>Revista Chilena de Historia Natural <\/em>71(4):501-526.<\/p>\n<p><strong>Rau, J.R.<\/strong>, Beltr\u00e1n, J.F. &amp; Delibes, M. (1985). Can the increase of fox density explain the decrease in lynx numbers at donana. <em>Revue d\u2019Ecologie-La Terre et la Vie<\/em> 40 (2): 145-150.<\/p>\n<p>&nbsp;<\/p>\n<hr \/>\n<div class=\"row\">\n<div class=\"col-md-4\"><img loading=\"lazy\" decoding=\"async\" class=\"img-responsive alignnone\" style=\"width: 171px; height: 173px;\" src=\"http:\/\/cienciasbiologicas.ulagos.cl\/wp-content\/uploads\/2020\/09\/gantz1.jpg\" alt=\"none\" width=\"235\" height=\"238\" \/><\/div>\n<p>&nbsp;<\/p>\n<div class=\"col-md-8\"><b><span style=\"color: #003366;\">DR. ALBERTO GANTZ<\/span><br \/>\n<\/b><a href=\"mailto:agantz@ulagos.cl\" target=\"_blank\" rel=\"noopener noreferrer\">agantz@ulagos.cl<\/a><\/div>\n<div>\u00a0 \u00a0 <a href=\"https:\/\/www.researchgate.net\/profile\/Alberto_Gantz\" target=\"_blank\" rel=\"noopener noreferrer\">https:\/\/www.researchgate.net\/profile\/Alberto_Gantz<\/a><\/div>\n<\/div>\n<p>&nbsp;<\/p>\n<p><span style=\"color: #003366;\"><b>Ornitolog\u00eda, Ecolog\u00eda de la conservaci\u00f3n <\/b><\/span><\/p>\n<p>Desarrolla estudios de la diversidad funcional de las aves en los agroecosistemas del sur de Chile, para comprender la influencia de la degradaci\u00f3n y p\u00e9rdida de los elementos estructuradores del paisaje agr\u00edcola sobre la estructura de los ensambles de aves y la alteraci\u00f3n de los servicios ecosist\u00e9micos. Asimismo, interesa comprender el rol funcional de algunas especies de aves que habitan los sistemas agr\u00edcolas y su aporte como potenciales reguladores de las poblaciones de organismos considerados perjudiciales para la agricultura, aportando a su sostenibilidad.<\/p>\n","protected":false},"excerpt":{"rendered":"<p>&nbsp; DR. JAIME RAU jrau@ulagos.cl \u00a0 \u00a0 https:\/\/www.researchgate.net\/profile\/Jaime_Rau \u00a0 \u00a0 https:\/\/ulagos-cl.academia.edu\/JaimeRRau \u00a0 \u00a0 https:\/\/www.researchgate.net\/lab\/Jaime-R-Rau-Lab \u00a0 \u00a0 https:\/\/publons.com\/author\/445278\/jaime-r-rau#profile \u00a0 \u00a0\u00a0http:\/\/scholar.google.es\/citations?user=QRRSCXAAAAAJ &nbsp; Ecolog\u00eda de poblaciones de mam\u00edferos carn\u00edvoros y aves rapaces, manejo de vida silvestre y conservaci\u00f3n biol\u00f3gica Se persigue comprender el papel ecol\u00f3gico de las interrelaciones depredador-presa como procesos de regulaci\u00f3n num\u00e9rica (i.e., control de las [&hellip;]<\/p>\n","protected":false},"author":5,"featured_media":0,"parent":18,"menu_order":2,"comment_status":"closed","ping_status":"closed","template":"template_menu_vertical.php","meta":{"_uag_custom_page_level_css":"","footnotes":""},"class_list":["post-209","page","type-page","status-publish","hentry"],"uagb_featured_image_src":{"full":false,"thumbnail":false,"medium":false,"medium_large":false,"large":false,"1536x1536":false,"2048x2048":false,"detacado_home":false,"home":false,"destacado":false},"uagb_author_info":{"display_name":"cristian","author_link":"https:\/\/cienciasbiologicas.ulagos.cl\/?author=5"},"uagb_comment_info":0,"uagb_excerpt":"&nbsp; DR. JAIME RAU jrau@ulagos.cl \u00a0 \u00a0 https:\/\/www.researchgate.net\/profile\/Jaime_Rau \u00a0 \u00a0 https:\/\/ulagos-cl.academia.edu\/JaimeRRau \u00a0 \u00a0 https:\/\/www.researchgate.net\/lab\/Jaime-R-Rau-Lab \u00a0 \u00a0 https:\/\/publons.com\/author\/445278\/jaime-r-rau#profile \u00a0 \u00a0\u00a0http:\/\/scholar.google.es\/citations?user=QRRSCXAAAAAJ &nbsp; Ecolog\u00eda de poblaciones de mam\u00edferos carn\u00edvoros y aves rapaces, manejo de vida silvestre y conservaci\u00f3n biol\u00f3gica Se persigue comprender el papel ecol\u00f3gico de las interrelaciones depredador-presa como procesos de regulaci\u00f3n num\u00e9rica (i.e., control de las&hellip;","_links":{"self":[{"href":"https:\/\/cienciasbiologicas.ulagos.cl\/index.php?rest_route=\/wp\/v2\/pages\/209","targetHints":{"allow":["GET"]}}],"collection":[{"href":"https:\/\/cienciasbiologicas.ulagos.cl\/index.php?rest_route=\/wp\/v2\/pages"}],"about":[{"href":"https:\/\/cienciasbiologicas.ulagos.cl\/index.php?rest_route=\/wp\/v2\/types\/page"}],"author":[{"embeddable":true,"href":"https:\/\/cienciasbiologicas.ulagos.cl\/index.php?rest_route=\/wp\/v2\/users\/5"}],"replies":[{"embeddable":true,"href":"https:\/\/cienciasbiologicas.ulagos.cl\/index.php?rest_route=%2Fwp%2Fv2%2Fcomments&post=209"}],"version-history":[{"count":41,"href":"https:\/\/cienciasbiologicas.ulagos.cl\/index.php?rest_route=\/wp\/v2\/pages\/209\/revisions"}],"predecessor-version":[{"id":1486,"href":"https:\/\/cienciasbiologicas.ulagos.cl\/index.php?rest_route=\/wp\/v2\/pages\/209\/revisions\/1486"}],"up":[{"embeddable":true,"href":"https:\/\/cienciasbiologicas.ulagos.cl\/index.php?rest_route=\/wp\/v2\/pages\/18"}],"wp:attachment":[{"href":"https:\/\/cienciasbiologicas.ulagos.cl\/index.php?rest_route=%2Fwp%2Fv2%2Fmedia&parent=209"}],"curies":[{"name":"wp","href":"https:\/\/api.w.org\/{rel}","templated":true}]}}