{"id":207,"date":"2020-07-04T00:30:36","date_gmt":"2020-07-03T22:30:36","guid":{"rendered":"http:\/\/cienciasbiologicas.ulagos.cl\/?page_id=207"},"modified":"2026-04-28T21:45:25","modified_gmt":"2026-04-28T19:45:25","slug":"laboratorio-de-genetica-acuicultura-biodiversidad","status":"publish","type":"page","link":"https:\/\/cienciasbiologicas.ulagos.cl\/?page_id=207","title":{"rendered":"Laboratorio de Gen\u00e9tica, Acuicultura y Biodiversidad"},"content":{"rendered":"<div class=\"row\">\n<div class=\"col-md-4\"><img loading=\"lazy\" decoding=\"async\" class=\"img-responsive alignleft\" style=\"width: 201px; height: 204px;\" src=\"http:\/\/cienciasbiologicas.ulagos.cl\/wp-content\/uploads\/2020\/09\/gajardo1.jpg\" alt=\"none\" width=\"235\" height=\"238\" \/><\/div>\n<p>&nbsp;<\/p>\n<div class=\"col-md-8\"><b><span style=\"color: #003366;\">DR. GONZALO GAJARDO<\/span><br \/>\n<\/b><a href=\"mailto:ggajardo@ulagos.cl\" target=\"_blank\" rel=\"noopener noreferrer\">ggajardo@ulagos.cl<\/a><\/div>\n<div>\u00a0\u00a0 <a href=\"https:\/\/loop.frontiersin.org\/people\/35923\/overview\">https:\/\/loop.frontiersin.org\/people\/35923\/overview<\/a><\/div>\n<\/div>\n<p>&nbsp;<\/p>\n<p><span style=\"color: #003366;\"><b>Recursos gen\u00e9ticos y ecosistemas <\/b><\/span><\/p>\n<p>Nos interesa caracterizar y conservar la diversidad gen\u00e9tica dentro y entre poblaciones de especies silvestres y explotadas (Objetivo de Convenci\u00f3n de Biodiversidad, CBD) para mantener su potencial adaptativo frente al cambio clim\u00e1tico y perturbaciones antr\u00f3picas. Con una aproximaci\u00f3n multidisciplinaria (Gen\u00e9tica, gen\u00f3mica-evolutiva, co-evoluci\u00f3n, epigen\u00e9tica) a los servicios ecosist\u00e9micos, nuestros modelos son el crust\u00e1ceo <em>Artemia<\/em> y el chorito chileno <em>Mytilus chilensis<\/em>, la segunda especie acu\u00edcola nacional.<\/p>\n<hr \/>\n<p><strong><span style=\"color: #003366;\"><b>Publicaciones destacadas<\/b><\/span><\/strong><\/p>\n<p>Yevenes, M., Gallardo-Esc\u00e1rate, C. &amp; <strong>Gajardo, G.<\/strong> (2024). Epigenetic variation mediated by lncRNAs accounts for adaptive genomic differentiation of the endemic blue mussel Mytilus chilensis. Heliyon. <a href=\"https:\/\/doi.org\/10.1016\/j.heliyon.2023.e23695\">doi.org\/10.1016\/j.heliyon.2023.e23695<\/a><\/p>\n<p><strong>Gajardo, G.<\/strong>, Mor\u00f3n-L\u00f3pez, J., Vergara, K., Ueki, S., Guzm\u00e1n, L., Espinoza-Gonz\u00e1lez, O., Sandoval, A., Fuenzalida, G., Murillo, A.A., Riquelme, C., Camer\u00f3n, H., Nagai, S., Maruyama, F., Fujiyoshi, S., Yarimizu, K., Perera, I., Kawai, M., \u00c1vila, A., Larama, G., Gonz\u00e1lez, M.A., Rilling, J.I., Campos, M., Ruiz-Gil, T., Dur\u00e1n-Vinet, B., Acu\u00f1a, J.J., Jorquera, M.A. (2023). The holobiome of marine harmful algal blooms (HABs): A novel ecosystem-based approach for implementing predictive capabilities and managing decisions. Environmental Science &amp; Policy 143: 44-54. <a href=\"https:\/\/doi.org\/10.1016\/j.envsci.2023.02.012\">https:\/\/doi.org\/10.1016\/j.envsci.2023.02.012<\/a>.<\/p>\n<p>Y\u00e9venes, M., N\u00fa\u00f1ez-Acu\u00f1a, G., Gallardo-Esc\u00e1rate, C. &amp; <strong>Gajardo, G.<\/strong> (2022). Adaptive mitochondrial genome functioning in ecologically different farm impacted natural seedbeds of the endemic blue mussel <em>Mytilus chilensis<\/em>. Comparative Biochemistry and Physiology &#8211; Part D: Genomics and Proteomics 42: 100955<\/p>\n<p>Laikre, L., Hoban, S., Bruford, M.W., Segelbacher, G., Allendorf, F.W., <strong>Gajardo, G.<\/strong>, Gonz\u00e1lez-Rodr\u00edguez, A., Hedrick, P.W., Heuertz, M., Hohenlohe P.A, Jaff\u00e9, R., Johannesson, K., Liggins, L., MacDonald, A.J., OrozcoterWengel, P., Reusch, T.B.H., Rodr\u00edguez-Correa, H., Russo, I.M., Ryman, N., Vernesi, C. (2020). Post-2020 goals overlook genetic diversity. Science, 367(6482): 1083-1085. <a href=\"https:\/\/doi.org\/10.1126\/science.abb2748\">DOI: 10.1126\/science.abb2748<\/a><\/p>\n<p><strong>Gajardo, G. &amp; <\/strong>Red\u00f3n, S. (2019). Andean hypersaline lakes in the Atacama Desert, northern Chile: Between lithium exploitation and unique biodiversity conservation. Conservation Science and Practice. <a href=\"https:\/\/doi.org\/10.1111\/csp2.94\">doi.org\/10.1111\/csp2.94<\/a><\/p>\n","protected":false},"excerpt":{"rendered":"<p>&nbsp; DR. GONZALO GAJARDO ggajardo@ulagos.cl \u00a0\u00a0 https:\/\/loop.frontiersin.org\/people\/35923\/overview &nbsp; Recursos gen\u00e9ticos y ecosistemas Nos interesa caracterizar y conservar la diversidad gen\u00e9tica dentro y entre poblaciones de especies silvestres y explotadas (Objetivo de Convenci\u00f3n de Biodiversidad, CBD) para mantener su potencial adaptativo frente al cambio clim\u00e1tico y perturbaciones antr\u00f3picas. Con una aproximaci\u00f3n multidisciplinaria (Gen\u00e9tica, gen\u00f3mica-evolutiva, co-evoluci\u00f3n, epigen\u00e9tica) [&hellip;]<\/p>\n","protected":false},"author":5,"featured_media":0,"parent":18,"menu_order":3,"comment_status":"closed","ping_status":"closed","template":"template_menuvertical.php","meta":{"_uag_custom_page_level_css":"","footnotes":""},"class_list":["post-207","page","type-page","status-publish","hentry"],"uagb_featured_image_src":{"full":false,"thumbnail":false,"medium":false,"medium_large":false,"large":false,"1536x1536":false,"2048x2048":false,"banner":false,"bannerresponsive":false,"desta_pageleft":false,"detacado_home":false,"home":false,"homepost":false},"uagb_author_info":{"display_name":"cristian","author_link":"https:\/\/cienciasbiologicas.ulagos.cl\/?author=5"},"uagb_comment_info":0,"uagb_excerpt":"&nbsp; DR. GONZALO GAJARDO ggajardo@ulagos.cl \u00a0\u00a0 https:\/\/loop.frontiersin.org\/people\/35923\/overview &nbsp; Recursos gen\u00e9ticos y ecosistemas Nos interesa caracterizar y conservar la diversidad gen\u00e9tica dentro y entre poblaciones de especies silvestres y explotadas (Objetivo de Convenci\u00f3n de Biodiversidad, CBD) para mantener su potencial adaptativo frente al cambio clim\u00e1tico y perturbaciones antr\u00f3picas. Con una aproximaci\u00f3n multidisciplinaria (Gen\u00e9tica, gen\u00f3mica-evolutiva, co-evoluci\u00f3n, epigen\u00e9tica)&hellip;","_links":{"self":[{"href":"https:\/\/cienciasbiologicas.ulagos.cl\/index.php?rest_route=\/wp\/v2\/pages\/207","targetHints":{"allow":["GET"]}}],"collection":[{"href":"https:\/\/cienciasbiologicas.ulagos.cl\/index.php?rest_route=\/wp\/v2\/pages"}],"about":[{"href":"https:\/\/cienciasbiologicas.ulagos.cl\/index.php?rest_route=\/wp\/v2\/types\/page"}],"author":[{"embeddable":true,"href":"https:\/\/cienciasbiologicas.ulagos.cl\/index.php?rest_route=\/wp\/v2\/users\/5"}],"replies":[{"embeddable":true,"href":"https:\/\/cienciasbiologicas.ulagos.cl\/index.php?rest_route=%2Fwp%2Fv2%2Fcomments&post=207"}],"version-history":[{"count":21,"href":"https:\/\/cienciasbiologicas.ulagos.cl\/index.php?rest_route=\/wp\/v2\/pages\/207\/revisions"}],"predecessor-version":[{"id":1943,"href":"https:\/\/cienciasbiologicas.ulagos.cl\/index.php?rest_route=\/wp\/v2\/pages\/207\/revisions\/1943"}],"up":[{"embeddable":true,"href":"https:\/\/cienciasbiologicas.ulagos.cl\/index.php?rest_route=\/wp\/v2\/pages\/18"}],"wp:attachment":[{"href":"https:\/\/cienciasbiologicas.ulagos.cl\/index.php?rest_route=%2Fwp%2Fv2%2Fmedia&parent=207"}],"curies":[{"name":"wp","href":"https:\/\/api.w.org\/{rel}","templated":true}]}}