{"id":1694,"date":"2024-04-26T23:26:23","date_gmt":"2024-04-26T21:26:23","guid":{"rendered":"https:\/\/cienciasbiologicas.ulagos.cl\/?page_id=1694"},"modified":"2024-07-31T22:12:20","modified_gmt":"2024-07-31T20:12:20","slug":"ecologia-y-conservacion-de-invertebrados","status":"publish","type":"page","link":"https:\/\/cienciasbiologicas.ulagos.cl\/?page_id=1694","title":{"rendered":"Ecolog\u00eda y Conservaci\u00f3n de Invertebrados"},"content":{"rendered":"<div class=\"row\">\n<div class=\"col-md-4\"><a class=\"linkimagen\" href=\"http:\/\/cienciasbiologicas.ulagos.cl\/wp-content\/uploads\/2024\/07\/rbarahona.jpg\" data-lity=\"\" data-title=\"\"><img loading=\"lazy\" decoding=\"async\" class=\"img-responsive alignnone\" style=\"width: 178px; height: 180px;\" src=\"http:\/\/cienciasbiologicas.ulagos.cl\/wp-content\/uploads\/2024\/07\/rbarahona.jpg\" alt=\"left\" width=\"235\" height=\"238\" \/><\/a><\/div>\n<div class=\"col-md-8\">\n<div style=\"text-align: left;\"><span style=\"color: #000080;\"><b>DR. RODRIGO BARAHONA-SEGOVIA<\/b><\/span><\/div>\n<p style=\"text-align: left;\"><a href=\"mailto:rodrigo.barahona@ulagos.cl\" target=\"_blank\" rel=\"noopener\">rodrigo.barahona@ulagos.cl<\/a><\/p>\n<p><a href=\"https:\/\/www.researchgate.net\/profile\/Rodrigo-Barahona-Segovia\" target=\"_blank\" rel=\"noopener\">https:\/\/www.researchgate.net\/profile\/Rodrigo-Barahona-Segovia<\/a><\/p>\n<p>&nbsp;<\/p>\n<\/div>\n<\/div>\n<p><strong><span style=\"color: #000080;\">Ecolog\u00eda y conservaci\u00f3n de invertebrados<\/span><\/strong><\/p>\n<p>Los invertebrados son el grupo animal m\u00e1s diverso del planeta y al mismo tiempo, representan el grupo menos estudiado de seres vivos, a pesar de cumplir roles claves para la naturaleza y el bienestar de las personas. Por ello, el principal objetivo del Lab Ecolog\u00eda y Conservaci\u00f3n de Invertebrados (LECI) es el estudio de la biolog\u00eda, ecolog\u00eda y conservaci\u00f3n de los invertebrados de ecosistemas terrestres y dulceacu\u00edcolas de Chile.<\/p>\n<p>Nuestros m\u00e9todos se basan en dise\u00f1os experimentales en terreno y con ciencia ciudadana, los cuales nos permiten comprender la distribuci\u00f3n, abundancia e interacciones biol\u00f3gicas de las especies y comunidades objetivo, y c\u00f3mo estos par\u00e1metros se ven alterados con la actividad humana. Actualmente, el LECI cobija al proyecto de ciencia ciudadana Moscas Flor\u00edcolas de Chile y Caracol Negro en Chile, as\u00ed como estudios en polinizadores nativos en ecosistemas naturales y agroecosistemas; fauna saprox\u00edlica de bosque nativo e invertebrados de humedales terrestres tipo turberas y pomponales.<\/p>\n<hr \/>\n<p><strong><span style=\"color: #000080;\">Publicaciones destacadas<\/span><\/strong><\/p>\n<p>Chinga, J., Mur\u00faa, M., <strong>Barahona-Segovia, R.M. <\/strong>&amp; Gelcich, S. (2024). Pan traps: An effective tool for monitoring phenological changes in insect floral visitors and their relationship with floral resources in a coastal Mediterranean forest. Ecological Indicators, 158, 111336. https:\/\/doi.org\/10.1016\/j.ecolind.2023.111336<\/p>\n<p><strong>Barahona\u2010Segovia, R.M.<\/strong>, Gallardo\u2010Pillancari, E., Orrego, G. &amp; Osorio, F. (2024). Mycophagy and feeding on other native land snails by the black snail Macrocyclis peruvianus (Gastropoda, Macrocyclidae). Austral Ecology, 49(2), e13491. https:\/\/doi.org\/10.1111\/aec.13491<\/p>\n<p>Tello, F., Tello-Arriagada, C., Olivares, F., LeQuesne, C., <strong>Barahona-Segovia, R.M. <\/strong>&amp; Montalva, C. (2024). Are southern temperate urban natural forests a suitable habitat for beetle diversity? A case study in Chile. Urban Ecosystems, 1-14. https:\/\/doi.org\/10.1007\/s11252-024-01506-4<\/p>\n<p><strong>Barahona-Segovia, R.M.<\/strong>, Gatica-Barrios, P., Dur\u00e1n-Sanzana, V. &amp; Smith-Ram\u00edrez, C. (2023). No wild bees? Don\u00b4t worry! Non-bee flower visitors are still hard at work: The edge effect, landscape, and local characteristics determine taxonomic and functional diversity in apple orchards. Agriculture, Ecosystems &amp; Environment, 354, 108554. https:\/\/doi.org\/10.1016\/j.agee.2023.108554<\/p>\n<p><strong>Barahona-Segovia, R.M.<\/strong>, Gonz\u00e1lez, C.R. &amp; Pa\u00f1inao-Mons\u00e1lvez, L. (2023). Citizen science meet South American tachinids: new records of feather-legged fly Trichopoda (Galactomyia) pictipennis Bigot (Diptera: Tachinidae) from Chile. Neotropical Entomology, 52(2), 227-239. https:\/\/doi.org\/10.1007\/s13744-022-00979-2<\/p>\n","protected":false},"excerpt":{"rendered":"<p>DR. RODRIGO BARAHONA-SEGOVIA rodrigo.barahona@ulagos.cl https:\/\/www.researchgate.net\/profile\/Rodrigo-Barahona-Segovia &nbsp; Ecolog\u00eda y conservaci\u00f3n de invertebrados Los invertebrados son el grupo animal m\u00e1s diverso del planeta y al mismo tiempo, representan el grupo menos estudiado de seres vivos, a pesar de cumplir roles claves para la naturaleza y el bienestar de las personas. Por ello, el principal objetivo del Lab [&hellip;]<\/p>\n","protected":false},"author":3,"featured_media":0,"parent":18,"menu_order":0,"comment_status":"closed","ping_status":"closed","template":"template_menu_vertical.php","meta":{"_uag_custom_page_level_css":"","footnotes":""},"class_list":["post-1694","page","type-page","status-publish","hentry"],"uagb_featured_image_src":{"full":false,"thumbnail":false,"medium":false,"medium_large":false,"large":false,"1536x1536":false,"2048x2048":false,"detacado_home":false,"home":false,"destacado":false},"uagb_author_info":{"display_name":"Julio Crespo","author_link":"https:\/\/cienciasbiologicas.ulagos.cl\/?author=3"},"uagb_comment_info":0,"uagb_excerpt":"DR. RODRIGO BARAHONA-SEGOVIA rodrigo.barahona@ulagos.cl https:\/\/www.researchgate.net\/profile\/Rodrigo-Barahona-Segovia &nbsp; Ecolog\u00eda y conservaci\u00f3n de invertebrados Los invertebrados son el grupo animal m\u00e1s diverso del planeta y al mismo tiempo, representan el grupo menos estudiado de seres vivos, a pesar de cumplir roles claves para la naturaleza y el bienestar de las personas. Por ello, el principal objetivo del Lab&hellip;","_links":{"self":[{"href":"https:\/\/cienciasbiologicas.ulagos.cl\/index.php?rest_route=\/wp\/v2\/pages\/1694","targetHints":{"allow":["GET"]}}],"collection":[{"href":"https:\/\/cienciasbiologicas.ulagos.cl\/index.php?rest_route=\/wp\/v2\/pages"}],"about":[{"href":"https:\/\/cienciasbiologicas.ulagos.cl\/index.php?rest_route=\/wp\/v2\/types\/page"}],"author":[{"embeddable":true,"href":"https:\/\/cienciasbiologicas.ulagos.cl\/index.php?rest_route=\/wp\/v2\/users\/3"}],"replies":[{"embeddable":true,"href":"https:\/\/cienciasbiologicas.ulagos.cl\/index.php?rest_route=%2Fwp%2Fv2%2Fcomments&post=1694"}],"version-history":[{"count":18,"href":"https:\/\/cienciasbiologicas.ulagos.cl\/index.php?rest_route=\/wp\/v2\/pages\/1694\/revisions"}],"predecessor-version":[{"id":1882,"href":"https:\/\/cienciasbiologicas.ulagos.cl\/index.php?rest_route=\/wp\/v2\/pages\/1694\/revisions\/1882"}],"up":[{"embeddable":true,"href":"https:\/\/cienciasbiologicas.ulagos.cl\/index.php?rest_route=\/wp\/v2\/pages\/18"}],"wp:attachment":[{"href":"https:\/\/cienciasbiologicas.ulagos.cl\/index.php?rest_route=%2Fwp%2Fv2%2Fmedia&parent=1694"}],"curies":[{"name":"wp","href":"https:\/\/api.w.org\/{rel}","templated":true}]}}