{"id":134,"date":"2020-07-02T00:34:26","date_gmt":"2020-07-01T22:34:26","guid":{"rendered":"http:\/\/cienciasbiologicas.ulagos.cl\/?page_id=134"},"modified":"2022-08-01T18:23:02","modified_gmt":"2022-08-01T16:23:02","slug":"prueba-2","status":"publish","type":"page","link":"https:\/\/cienciasbiologicas.ulagos.cl\/?page_id=134","title":{"rendered":""},"content":{"rendered":"<p>La efectividad hist\u00f3rica del <span style=\"color: #003366;\"><strong>Departamento de Ciencias Biol\u00f3gicas &amp; Biodiversidad<\/strong><\/span> se fundamenta en el establecimiento de altos est\u00e1ndares de calidad,\u00a0 aspecto clave en la contribuci\u00f3n que realiza a los ejes, estrategias, objetivos e indicadores estrat\u00e9gicos de la Universidad.<\/p>\n<p><span style=\"color: #003366;\"><b>MISI\u00d3N<\/b><\/span><\/p>\n<p>Est\u00e1 centrada en la generaci\u00f3n de conocimiento a trav\u00e9s del desarrollo de investigaci\u00f3n cient\u00edfica de excelencia en los \u00e1mbitos de las Ciencias Biol\u00f3gicas y Ambientales. De este modo, se concibe la investigaci\u00f3n como un mecanismo fundamental en la formaci\u00f3n de las personas, puesto que\u00a0 \u00e9sta\u00a0 entrega\u00a0 los\u00a0 fundamentos\u00a0 necesarios\u00a0 para que\u00a0 el\u00a0 desarrollo profesional futuro se enlace estrechamente con la generaci\u00f3n de cambios efectivos en el contexto econ\u00f3mico, social y ambiental.<\/p>\n<hr \/>\n<p><span style=\"color: #003366;\"><b>VISI\u00d3N<\/b><\/span><\/p>\n<p>El Departamento de Ciencias Biol\u00f3gicas &amp; Biodiversidad pretende consolidarse como un espacio de producci\u00f3n cient\u00edfica de renombre a nivel regional y un polo de atracci\u00f3n de mentes j\u00f3venes con intereses en el estudio de las ciencias.<\/p>\n<hr \/>\n<p><span style=\"color: #003366;\"><strong>VALORES<\/strong><\/span><\/p>\n<p>El compromiso de sus integrantes se expresa en algunos valores -no exclusivos- que reflejan nuestra identidad. El <span style=\"color: #003366;\"><strong>\u00e9xito<\/strong><\/span> est\u00e1 asociado a la perseverancia y resiliencia de sus miembros en el logro de objetivos y metas que involucran retos diversos que deben ser afrontados cotidianamente. El <span style=\"color: #003366;\"><strong>prestigio<\/strong><\/span> es la consideraci\u00f3n que cada integrante ha logrado como resultado de su m\u00e9rito acad\u00e9mico en la instituci\u00f3n o fuera de ella. La <span style=\"color: #003366;\"><strong>calidad<\/strong><\/span> se relaciona con las caracter\u00edsticas de cada integrante que ha significado la excelencia en cada una de las acciones emprendidas a nivel regional, nacional y\/o internacional; las cuales se fortalecen mediante la cooperaci\u00f3n horizontal intra e interinstitucional.<\/p>\n<hr \/>\n<p><a href=\"http:\/\/cienciasbiologicas.ulagos.cl\/wp-content\/uploads\/2022\/08\/DeptoCBB-Plan-de-Desarrollo2021-28vFinal.pdf\" target=\"_blank\" rel=\"noopener noreferrer\"><span style=\"color: #000080;\"><strong>PLAN de DESARROLLO (<\/strong><\/span><span style=\"color: #000080;\"><strong>2021-2028) \u21b5<\/strong><\/span><\/a><\/p>\n","protected":false},"excerpt":{"rendered":"<p>La efectividad hist\u00f3rica del Departamento de Ciencias Biol\u00f3gicas &amp; Biodiversidad se fundamenta en el establecimiento de altos est\u00e1ndares de calidad,\u00a0 aspecto clave en la contribuci\u00f3n que realiza a los ejes, estrategias, objetivos e indicadores estrat\u00e9gicos de la Universidad. MISI\u00d3N Est\u00e1 centrada en la generaci\u00f3n de conocimiento a trav\u00e9s del desarrollo de investigaci\u00f3n cient\u00edfica de excelencia [&hellip;]<\/p>\n","protected":false},"author":7,"featured_media":0,"parent":123,"menu_order":0,"comment_status":"closed","ping_status":"closed","template":"template_menu_vertical.php","meta":{"_uag_custom_page_level_css":"","footnotes":""},"class_list":["post-134","page","type-page","status-publish","hentry"],"uagb_featured_image_src":{"full":false,"thumbnail":false,"medium":false,"medium_large":false,"large":false,"1536x1536":false,"2048x2048":false,"detacado_home":false,"home":false,"destacado":false},"uagb_author_info":{"display_name":"Joseluis Proboste","author_link":"https:\/\/cienciasbiologicas.ulagos.cl\/?author=7"},"uagb_comment_info":0,"uagb_excerpt":"La efectividad hist\u00f3rica del Departamento de Ciencias Biol\u00f3gicas &amp; Biodiversidad se fundamenta en el establecimiento de altos est\u00e1ndares de calidad,\u00a0 aspecto clave en la contribuci\u00f3n que realiza a los ejes, estrategias, objetivos e indicadores estrat\u00e9gicos de la Universidad. MISI\u00d3N Est\u00e1 centrada en la generaci\u00f3n de conocimiento a trav\u00e9s del desarrollo de investigaci\u00f3n cient\u00edfica de excelencia&hellip;","_links":{"self":[{"href":"https:\/\/cienciasbiologicas.ulagos.cl\/index.php?rest_route=\/wp\/v2\/pages\/134","targetHints":{"allow":["GET"]}}],"collection":[{"href":"https:\/\/cienciasbiologicas.ulagos.cl\/index.php?rest_route=\/wp\/v2\/pages"}],"about":[{"href":"https:\/\/cienciasbiologicas.ulagos.cl\/index.php?rest_route=\/wp\/v2\/types\/page"}],"author":[{"embeddable":true,"href":"https:\/\/cienciasbiologicas.ulagos.cl\/index.php?rest_route=\/wp\/v2\/users\/7"}],"replies":[{"embeddable":true,"href":"https:\/\/cienciasbiologicas.ulagos.cl\/index.php?rest_route=%2Fwp%2Fv2%2Fcomments&post=134"}],"version-history":[{"count":40,"href":"https:\/\/cienciasbiologicas.ulagos.cl\/index.php?rest_route=\/wp\/v2\/pages\/134\/revisions"}],"predecessor-version":[{"id":1543,"href":"https:\/\/cienciasbiologicas.ulagos.cl\/index.php?rest_route=\/wp\/v2\/pages\/134\/revisions\/1543"}],"up":[{"embeddable":true,"href":"https:\/\/cienciasbiologicas.ulagos.cl\/index.php?rest_route=\/wp\/v2\/pages\/123"}],"wp:attachment":[{"href":"https:\/\/cienciasbiologicas.ulagos.cl\/index.php?rest_route=%2Fwp%2Fv2%2Fmedia&parent=134"}],"curies":[{"name":"wp","href":"https:\/\/api.w.org\/{rel}","templated":true}]}}