{"id":127,"date":"2020-07-02T00:27:47","date_gmt":"2020-07-01T22:27:47","guid":{"rendered":"http:\/\/cienciasbiologicas.ulagos.cl\/?page_id=127"},"modified":"2022-08-01T18:06:49","modified_gmt":"2022-08-01T16:06:49","slug":"mision-y-vision","status":"publish","type":"page","link":"https:\/\/cienciasbiologicas.ulagos.cl\/?page_id=127","title":{"rendered":"Presentaci\u00f3n"},"content":{"rendered":"<p>El <span style=\"color: #003366;\"><strong>Departamento de Ciencias Biol\u00f3gicas &amp; Biodiversidad (Depto. CBB)<\/strong> <\/span>tiene grandes retos asociados no solamente a la conservaci\u00f3n del medio ambiente y la gesti\u00f3n de los recursos naturales, sino tambi\u00e9n al logro de altos est\u00e1ndares de calidad y productividad de la investigaci\u00f3n cient\u00edfica, tecnol\u00f3gica, innovaci\u00f3n y desarrollo. Pretendemos que las diversas investigaciones -inter y\/o multidisciplinarias- fortalezcan el conocimiento cient\u00edfico sobre el mundo natural e influyan en las pol\u00edticas locales, regionales y\/o nacionales.<\/p>\n<p>Nuestro Departamento defini\u00f3 tres \u00e1reas estrat\u00e9gicas que permtir\u00e1n conseguir estos fines:<\/p>\n<div class=\"row\">\n<div class=\"col-md-4\"><b><a href=\"http:\/\/cienciasbiologicas.ulagos.cl\/wp-content\/uploads\/2020\/09\/3.jpg\" data-lity=\"\" data-title=\"\"><img loading=\"lazy\" decoding=\"async\" class=\"img-responsive alignleft\" style=\"width: 170px; height: 186px;\" src=\"http:\/\/cienciasbiologicas.ulagos.cl\/wp-content\/uploads\/2020\/09\/3.jpg\" alt=\"none\" width=\"248\" height=\"271\" \/><\/a><\/b><\/div>\n<div class=\"col-md-8\">\n<p><span style=\"color: #003366;\"><strong>1) ECOLOG\u00cdA Y CONSERVACI\u00d3N<\/strong><\/span><\/p>\n<p>Los estudios pretenden comprender c\u00f3mo las especies interact\u00faan entre s\u00ed, con otras especies y con su entorno f\u00edsico. Se busca explicar los patrones emergentes en base a los procesos subyacentes\u00a0 en diferentes\u00a0 escalas espaciales y temporales. La investigaci\u00f3n de conservaci\u00f3n explora c\u00f3mo los estresores ecol\u00f3gicos afectan las especies y los ecosistemas; particularmente estudios de la interferencia humana en el mundo natural como causante de grandes perturbaciones ambientales.<\/p>\n<\/div>\n<\/div>\n<p>&nbsp;<\/p>\n<div class=\"row\">\n<div class=\"col-md-4\"><b><a href=\"http:\/\/cienciasbiologicas.ulagos.cl\/wp-content\/uploads\/2020\/09\/2.jpg\" data-lity=\"\" data-title=\"\"><img decoding=\"async\" class=\"img-responsive\" style=\"width: 173px; height: 189px;\" src=\"http:\/\/cienciasbiologicas.ulagos.cl\/wp-content\/uploads\/2020\/09\/2.jpg\" alt=\"none\" \/><\/a><\/b><\/div>\n<div class=\"col-md-8\">\n<p><span style=\"color: #003366;\"><strong>2) BIOLOG\u00cdA EVOLUTIVA<\/strong><\/span><\/p>\n<p>La investigaci\u00f3n en esta \u00e1rea examina los procesos evolutivos que generan biodiversidad. La selecci\u00f3n natural impulsa la especiaci\u00f3n y afecta la forma en que las especies se adaptan a sus entornos. Se estudian especies desde las algas unicelulares hasta organismos multicelulares. De este modo, comprendiendo los procesos evolutivos se busca entender c\u00f3mo la alteraci\u00f3n antropog\u00e9nica afectar\u00e1 el cambio evolutivo en taxa animales y plantas.<\/p>\n<\/div>\n<\/div>\n<p>&nbsp;<\/p>\n<div class=\"row\">\n<div class=\"col-md-4\"><b><img loading=\"lazy\" decoding=\"async\" class=\"img-responsive alignnone\" style=\"width: 169px; height: 185px;\" src=\"http:\/\/cienciasbiologicas.ulagos.cl\/wp-content\/uploads\/2020\/09\/1.jpg\" alt=\"none\" width=\"248\" height=\"271\" \/><\/b><\/div>\n<div class=\"col-md-8\">\n<p><span style=\"color: #003366;\"><strong>3) BIOTECNOLOG\u00cdA DE RECURSOS NATURALES<\/strong><\/span><\/p>\n<p>La finalidad es propiciar la b\u00fasqueda de tecnolog\u00edas aplicadas al medioambiente y la gesti\u00f3n sostenible de recursos naturales; usando los sistemas biol\u00f3gicos y sus productos para promover la producci\u00f3n de bienes y servicios de utilidad para la sociedad. Se contribuye al desarrollo regional y\/o nacional desde una perspectiva cient\u00edfica-tecnol\u00f3gica, promoviendo la transferencia de soluciones al sector socio-productivo agroindustrial, forestal, acu\u00edcola y de recursos naturales.<\/p>\n<\/div>\n<\/div>\n","protected":false},"excerpt":{"rendered":"<p>El Departamento de Ciencias Biol\u00f3gicas &amp; Biodiversidad (Depto. CBB) tiene grandes retos asociados no solamente a la conservaci\u00f3n del medio ambiente y la gesti\u00f3n de los recursos naturales, sino tambi\u00e9n al logro de altos est\u00e1ndares de calidad y productividad de la investigaci\u00f3n cient\u00edfica, tecnol\u00f3gica, innovaci\u00f3n y desarrollo. Pretendemos que las diversas investigaciones -inter y\/o multidisciplinarias- [&hellip;]<\/p>\n","protected":false},"author":7,"featured_media":0,"parent":123,"menu_order":0,"comment_status":"closed","ping_status":"closed","template":"template_menu_vertical.php","meta":{"_uag_custom_page_level_css":"","footnotes":""},"class_list":["post-127","page","type-page","status-publish","hentry"],"uagb_featured_image_src":{"full":false,"thumbnail":false,"medium":false,"medium_large":false,"large":false,"1536x1536":false,"2048x2048":false,"detacado_home":false,"home":false,"destacado":false},"uagb_author_info":{"display_name":"Joseluis Proboste","author_link":"https:\/\/cienciasbiologicas.ulagos.cl\/?author=7"},"uagb_comment_info":0,"uagb_excerpt":"El Departamento de Ciencias Biol\u00f3gicas &amp; Biodiversidad (Depto. CBB) tiene grandes retos asociados no solamente a la conservaci\u00f3n del medio ambiente y la gesti\u00f3n de los recursos naturales, sino tambi\u00e9n al logro de altos est\u00e1ndares de calidad y productividad de la investigaci\u00f3n cient\u00edfica, tecnol\u00f3gica, innovaci\u00f3n y desarrollo. Pretendemos que las diversas investigaciones -inter y\/o multidisciplinarias-&hellip;","_links":{"self":[{"href":"https:\/\/cienciasbiologicas.ulagos.cl\/index.php?rest_route=\/wp\/v2\/pages\/127","targetHints":{"allow":["GET"]}}],"collection":[{"href":"https:\/\/cienciasbiologicas.ulagos.cl\/index.php?rest_route=\/wp\/v2\/pages"}],"about":[{"href":"https:\/\/cienciasbiologicas.ulagos.cl\/index.php?rest_route=\/wp\/v2\/types\/page"}],"author":[{"embeddable":true,"href":"https:\/\/cienciasbiologicas.ulagos.cl\/index.php?rest_route=\/wp\/v2\/users\/7"}],"replies":[{"embeddable":true,"href":"https:\/\/cienciasbiologicas.ulagos.cl\/index.php?rest_route=%2Fwp%2Fv2%2Fcomments&post=127"}],"version-history":[{"count":67,"href":"https:\/\/cienciasbiologicas.ulagos.cl\/index.php?rest_route=\/wp\/v2\/pages\/127\/revisions"}],"predecessor-version":[{"id":1536,"href":"https:\/\/cienciasbiologicas.ulagos.cl\/index.php?rest_route=\/wp\/v2\/pages\/127\/revisions\/1536"}],"up":[{"embeddable":true,"href":"https:\/\/cienciasbiologicas.ulagos.cl\/index.php?rest_route=\/wp\/v2\/pages\/123"}],"wp:attachment":[{"href":"https:\/\/cienciasbiologicas.ulagos.cl\/index.php?rest_route=%2Fwp%2Fv2%2Fmedia&parent=127"}],"curies":[{"name":"wp","href":"https:\/\/api.w.org\/{rel}","templated":true}]}}