{"id":1196,"date":"2021-07-02T03:20:55","date_gmt":"2021-07-02T01:20:55","guid":{"rendered":"http:\/\/cienciasbiologicas.ulagos.cl\/?page_id=1196"},"modified":"2021-10-21T00:29:17","modified_gmt":"2021-10-20T22:29:17","slug":"convenios-internacionales","status":"publish","type":"page","link":"https:\/\/cienciasbiologicas.ulagos.cl\/?page_id=1196","title":{"rendered":"Acuerdos Internacionales"},"content":{"rendered":"<p>Los procesos de globalizaci\u00f3n e internacionalizaci\u00f3n permiten que nuestro Departamento conforme redes con instituciones extranjeras, ampliando as\u00ed las posibilidades de conocerse y vincularse en favor de una cooperaci\u00f3n internacional mutua.<\/p>\n<p style=\"text-align: left;\"><img loading=\"lazy\" decoding=\"async\" class=\"alignleft\" src=\"https:\/\/upload.wikimedia.org\/wikipedia\/commons\/thumb\/0\/03\/Flag_of_Italy.svg\/200px-Flag_of_Italy.svg.png\" alt=\"Bandera de Italia\" width=\"65\" height=\"43\" \/><span style=\"color: #003366;\"><strong> ITALIA<\/strong><\/span><\/p>\n<ul>\n<li><span style=\"font-family: inherit; font-size: inherit;\">Acuerdo de Cooperaci\u00f3n entre <span style=\"color: #000000;\"><span style=\"color: #333333;\">Parco Geominerario, Storico, Ambientale della Sardegna <\/span>y Un<\/span>iversidad de Los Lagos (<\/span><a style=\"font-family: inherit; font-size: inherit;\" href=\"http:\/\/transparenciaactiva.ulagos.cl\/wp-content\/uploads\/2018\/11\/DU-2487.pdf\">D.U. N\u00b02487<\/a><span style=\"font-family: inherit; font-size: inherit;\">).<\/span><\/li>\n<li><span style=\"font-family: inherit; font-size: inherit;\">Acuerdo de Colaboraci\u00f3n Acad\u00e9mica, Cient\u00edfica y Cultural entre <span style=\"color: #333333;\">Centro Studi SEA,<\/span> Universidad Cat\u00f3lica de Temuco y Universidad de Los Lagos (<\/span><a style=\"font-family: inherit; font-size: inherit;\" href=\"http:\/\/transparenciaactiva.ulagos.cl\/wp-content\/uploads\/2019\/12\/DU-2389.pdf\">D.U. N\u00b02389<\/a><span style=\"font-family: inherit; font-size: inherit;\"><span style=\"font-family: inherit; font-size: inherit;\">).<\/span><\/span><\/li>\n<\/ul>\n<hr \/>\n<p style=\"text-align: left;\"><strong><img loading=\"lazy\" decoding=\"async\" class=\"alignleft\" src=\"https:\/\/upload.wikimedia.org\/wikipedia\/commons\/thumb\/f\/fc\/Flag_of_Mexico.svg\/200px-Flag_of_Mexico.svg.png\" alt=\"Bandera de M\u00e9xico\" width=\"70\" height=\"40\" \/><\/strong><span style=\"color: #003366;\"><strong> M\u00c9XICO<\/strong><\/span><\/p>\n<ul>\n<li style=\"text-align: left;\">Acuerdo de Cooperaci\u00f3n entre<span style=\"color: #333333;\"> Universidad Marista de M\u00e9rida <\/span>y Universidad de Los Lagos (<a href=\"http:\/\/transparenciaactiva.ulagos.cl\/wp-content\/uploads\/2018\/11\/DU-2292.pdf\">D.U. N\u00b02292<\/a>).<\/li>\n<li style=\"text-align: left;\">Convenio Marco entre<span style=\"color: #333333;\"> Universidad Aut\u00f3noma de Chiapas y<\/span> Universidad de Los Lagos (<a style=\"font-family: inherit; font-size: inherit;\" href=\"http:\/\/transparencia.ulagos.cl\/wp-content\/uploads\/2016\/05\/DU1334.pdf\">D.U. N\u00b01334<\/a><span style=\"font-family: inherit; font-size: inherit;\">).<\/span><\/li>\n<li style=\"text-align: left;\">Convenio Especifico entre<span style=\"color: #333333;\"> Universidad Aut\u00f3noma de Chiapas y<\/span> Universidad de Los Lagos (<a style=\"font-family: inherit; font-size: inherit;\" href=\"http:\/\/transparencia.ulagos.cl\/wp-content\/uploads\/2016\/05\/DU1333.pdf\">D.U. N\u00b01333<\/a><span style=\"font-family: inherit; font-size: inherit;\">).<\/span><\/li>\n<\/ul>\n<p>&nbsp;<\/p>\n","protected":false},"excerpt":{"rendered":"<p>Los procesos de globalizaci\u00f3n e internacionalizaci\u00f3n permiten que nuestro Departamento conforme redes con instituciones extranjeras, ampliando as\u00ed las posibilidades de conocerse y vincularse en favor de una cooperaci\u00f3n internacional mutua. ITALIA Acuerdo de Cooperaci\u00f3n entre Parco Geominerario, Storico, Ambientale della Sardegna y Universidad de Los Lagos (D.U. N\u00b02487). Acuerdo de Colaboraci\u00f3n Acad\u00e9mica, Cient\u00edfica y Cultural [&hellip;]<\/p>\n","protected":false},"author":3,"featured_media":0,"parent":984,"menu_order":0,"comment_status":"closed","ping_status":"closed","template":"template_menu_vertical.php","meta":{"_uag_custom_page_level_css":"","footnotes":""},"class_list":["post-1196","page","type-page","status-publish","hentry"],"uagb_featured_image_src":{"full":false,"thumbnail":false,"medium":false,"medium_large":false,"large":false,"1536x1536":false,"2048x2048":false,"detacado_home":false,"home":false,"destacado":false},"uagb_author_info":{"display_name":"Julio Crespo","author_link":"https:\/\/cienciasbiologicas.ulagos.cl\/?author=3"},"uagb_comment_info":0,"uagb_excerpt":"Los procesos de globalizaci\u00f3n e internacionalizaci\u00f3n permiten que nuestro Departamento conforme redes con instituciones extranjeras, ampliando as\u00ed las posibilidades de conocerse y vincularse en favor de una cooperaci\u00f3n internacional mutua. ITALIA Acuerdo de Cooperaci\u00f3n entre Parco Geominerario, Storico, Ambientale della Sardegna y Universidad de Los Lagos (D.U. N\u00b02487). Acuerdo de Colaboraci\u00f3n Acad\u00e9mica, Cient\u00edfica y Cultural&hellip;","_links":{"self":[{"href":"https:\/\/cienciasbiologicas.ulagos.cl\/index.php?rest_route=\/wp\/v2\/pages\/1196","targetHints":{"allow":["GET"]}}],"collection":[{"href":"https:\/\/cienciasbiologicas.ulagos.cl\/index.php?rest_route=\/wp\/v2\/pages"}],"about":[{"href":"https:\/\/cienciasbiologicas.ulagos.cl\/index.php?rest_route=\/wp\/v2\/types\/page"}],"author":[{"embeddable":true,"href":"https:\/\/cienciasbiologicas.ulagos.cl\/index.php?rest_route=\/wp\/v2\/users\/3"}],"replies":[{"embeddable":true,"href":"https:\/\/cienciasbiologicas.ulagos.cl\/index.php?rest_route=%2Fwp%2Fv2%2Fcomments&post=1196"}],"version-history":[{"count":35,"href":"https:\/\/cienciasbiologicas.ulagos.cl\/index.php?rest_route=\/wp\/v2\/pages\/1196\/revisions"}],"predecessor-version":[{"id":1465,"href":"https:\/\/cienciasbiologicas.ulagos.cl\/index.php?rest_route=\/wp\/v2\/pages\/1196\/revisions\/1465"}],"up":[{"embeddable":true,"href":"https:\/\/cienciasbiologicas.ulagos.cl\/index.php?rest_route=\/wp\/v2\/pages\/984"}],"wp:attachment":[{"href":"https:\/\/cienciasbiologicas.ulagos.cl\/index.php?rest_route=%2Fwp%2Fv2%2Fmedia&parent=1196"}],"curies":[{"name":"wp","href":"https:\/\/api.w.org\/{rel}","templated":true}]}}