{"id":1193,"date":"2021-07-02T03:18:55","date_gmt":"2021-07-02T01:18:55","guid":{"rendered":"http:\/\/cienciasbiologicas.ulagos.cl\/?page_id=1193"},"modified":"2023-06-09T15:07:35","modified_gmt":"2023-06-09T13:07:35","slug":"autoridades-2","status":"publish","type":"page","link":"https:\/\/cienciasbiologicas.ulagos.cl\/?page_id=1193","title":{"rendered":"Autoridades"},"content":{"rendered":"<h4><strong><img loading=\"lazy\" decoding=\"async\" class=\"alignleft\" src=\"http:\/\/cienciasbiologicas.ulagos.cl\/wp-content\/uploads\/2020\/09\/crespo1.jpg\" alt=\"none\" width=\"191\" height=\"193\" \/>Julio E. Crespo,<\/strong><strong>\u00a0<\/strong><strong>Director<\/strong><\/h4>\n<p>Profesor de Estado en Biolog\u00eda y Ciencias Naturales. Magister en Ciencias y M\u00e1ster en Desarrollo Sostenible. Profesor Asociado de la Universidad de Los Lagos, Osorno, Chile. Con especializaci\u00f3n en Liderazgo y Gesti\u00f3n de la Ense\u00f1anza Superior, en Internacionalizaci\u00f3n de la Educaci\u00f3n Superior y en Docencia Universitaria. Se desempe\u00f1\u00f3 como Coordinador Interinstitucional Mecesup-Mineduc, Director de Docencia y Pregrado y Director de Relaciones Internacionales en ULagos. En el Consejo de Rectores de las Universidades Chilenas fue Presidente de la Comisi\u00f3n de Internacionalizaci\u00f3n CRUCH y a nivel internacional como Secretario Ejecutivo Regional Pa\u00edses Andinos y Secretario Ejecutivo de la Vicepresidencia, ambos en la Organizaci\u00f3n Universitaria Interamericana (OUI, Canad\u00e1). Ha realizado docencia de pregrado, de postgrado (Universidad Veracruzana y Universidad de Guadalajara, ambas de M\u00e9xico, y ULagos, Chile) y como profesor invitado en el Curso IGLU del Instituto de Gesti\u00f3n y Liderazgo Universitario (Canad\u00e1); en el Diplomado en Internacionalizaci\u00f3n de la Educaci\u00f3n Superior (Colegio de las Am\u00e9ricas, Canad\u00e1) y Seminario IGLU Permanente como Profesor Experto en Internacionalizaci\u00f3n. Su \u00e1mbito de trabajo incluye biodiversidad, sistem\u00e1tica, conservaci\u00f3n y sostenibilidad. Desde septiembre 2019 se desempe\u00f1a como Director del Departamento de Ciencias Biol\u00f3gicas &amp; Biodiversidad de la Universidad de Los Lagos, Osorno.<\/p>\n<hr \/>\n<h4><b><img loading=\"lazy\" decoding=\"async\" class=\"alignleft\" src=\"http:\/\/cienciasbiologicas.ulagos.cl\/wp-content\/uploads\/2020\/09\/rau1.jpg\" alt=\"none\" width=\"188\" height=\"190\" \/>Jaime Rau Acu\u00f1a, Subdirector<\/b><\/h4>\n<p>Ec\u00f3logo. Licenciado en Ciencias con menci\u00f3n en Ecolog\u00eda por la Universidad Austral de Chile, Valdivia (1980). Doctor en Ciencias Biol\u00f3gicas por la Universidad de Sevilla, Espa\u00f1a (1988). Profesor titular de la Universidad de Los Lagos, Osorno, Chile. Profesor visitante en universidades nacionales (U. Cat\u00f3lica de Temuco, U. de La Serena, U. Mayor, U. de Magallanes), latinoamericanas (U. de la Amazon\u00eda Peruana; U. Aut\u00f3noma de M\u00e9xico, U. Nacional de C\u00f3rdoba, Argentina; U. Nacional de Costa Rica; U. Nacional de Panam\u00e1) y europeas (U. de Co\u00edmbra). Investigador invitado en la Estaci\u00f3n Biol\u00f3gica de Do\u00f1ana (CSIC), Espa\u00f1a. Es autor de m\u00e1s de 200 documentos cient\u00edficos arbitrados (art\u00edculos, libros y cap\u00edtulos de libros, actas de congreso en revistas y editoriales nacionales e internacionales) y m\u00e1s de 150 presentaciones en congresos nacionales e internacionales. Sus l\u00edneas de trabajo son ecolog\u00eda de poblaciones de vertebrados, ecolog\u00eda de la vida silvestre, ecolog\u00eda de aves rapaces y mam\u00edferos carn\u00edvoros y an\u00e1lisis cienciom\u00e9trico de la ecolog\u00eda.<\/p>\n","protected":false},"excerpt":{"rendered":"<p>Julio E. Crespo,\u00a0Director Profesor de Estado en Biolog\u00eda y Ciencias Naturales. Magister en Ciencias y M\u00e1ster en Desarrollo Sostenible. Profesor Asociado de la Universidad de Los Lagos, Osorno, Chile. Con especializaci\u00f3n en Liderazgo y Gesti\u00f3n de la Ense\u00f1anza Superior, en Internacionalizaci\u00f3n de la Educaci\u00f3n Superior y en Docencia Universitaria. Se desempe\u00f1\u00f3 como Coordinador Interinstitucional Mecesup-Mineduc, [&hellip;]<\/p>\n","protected":false},"author":3,"featured_media":0,"parent":123,"menu_order":0,"comment_status":"closed","ping_status":"closed","template":"template_menu_vertical.php","meta":{"_uag_custom_page_level_css":"","footnotes":""},"class_list":["post-1193","page","type-page","status-publish","hentry"],"uagb_featured_image_src":{"full":false,"thumbnail":false,"medium":false,"medium_large":false,"large":false,"1536x1536":false,"2048x2048":false,"detacado_home":false,"home":false,"destacado":false},"uagb_author_info":{"display_name":"Julio Crespo","author_link":"https:\/\/cienciasbiologicas.ulagos.cl\/?author=3"},"uagb_comment_info":0,"uagb_excerpt":"Julio E. Crespo,\u00a0Director Profesor de Estado en Biolog\u00eda y Ciencias Naturales. Magister en Ciencias y M\u00e1ster en Desarrollo Sostenible. Profesor Asociado de la Universidad de Los Lagos, Osorno, Chile. Con especializaci\u00f3n en Liderazgo y Gesti\u00f3n de la Ense\u00f1anza Superior, en Internacionalizaci\u00f3n de la Educaci\u00f3n Superior y en Docencia Universitaria. Se desempe\u00f1\u00f3 como Coordinador Interinstitucional Mecesup-Mineduc,&hellip;","_links":{"self":[{"href":"https:\/\/cienciasbiologicas.ulagos.cl\/index.php?rest_route=\/wp\/v2\/pages\/1193","targetHints":{"allow":["GET"]}}],"collection":[{"href":"https:\/\/cienciasbiologicas.ulagos.cl\/index.php?rest_route=\/wp\/v2\/pages"}],"about":[{"href":"https:\/\/cienciasbiologicas.ulagos.cl\/index.php?rest_route=\/wp\/v2\/types\/page"}],"author":[{"embeddable":true,"href":"https:\/\/cienciasbiologicas.ulagos.cl\/index.php?rest_route=\/wp\/v2\/users\/3"}],"replies":[{"embeddable":true,"href":"https:\/\/cienciasbiologicas.ulagos.cl\/index.php?rest_route=%2Fwp%2Fv2%2Fcomments&post=1193"}],"version-history":[{"count":36,"href":"https:\/\/cienciasbiologicas.ulagos.cl\/index.php?rest_route=\/wp\/v2\/pages\/1193\/revisions"}],"predecessor-version":[{"id":1836,"href":"https:\/\/cienciasbiologicas.ulagos.cl\/index.php?rest_route=\/wp\/v2\/pages\/1193\/revisions\/1836"}],"up":[{"embeddable":true,"href":"https:\/\/cienciasbiologicas.ulagos.cl\/index.php?rest_route=\/wp\/v2\/pages\/123"}],"wp:attachment":[{"href":"https:\/\/cienciasbiologicas.ulagos.cl\/index.php?rest_route=%2Fwp%2Fv2%2Fmedia&parent=1193"}],"curies":[{"name":"wp","href":"https:\/\/api.w.org\/{rel}","templated":true}]}}