{"id":1021,"date":"2021-06-30T15:12:28","date_gmt":"2021-06-30T13:12:28","guid":{"rendered":"http:\/\/cienciasbiologicas.ulagos.cl\/?page_id=1021"},"modified":"2024-07-31T22:50:15","modified_gmt":"2024-07-31T20:50:15","slug":"estudiantes","status":"publish","type":"page","link":"https:\/\/cienciasbiologicas.ulagos.cl\/?page_id=1021","title":{"rendered":"Estudiantes"},"content":{"rendered":"<div class=\"su-accordion su-u-trim\">\n<div class=\"su-spoiler su-spoiler-style-default su-spoiler-icon-plus su-spoiler-closed\" data-scroll-offset=\"0\" data-anchor-in-url=\"no\"><div class=\"su-spoiler-title\" tabindex=\"0\" role=\"button\"><span class=\"su-spoiler-icon\"><\/span><strong>DOCTORADO<\/strong><\/div><div class=\"su-spoiler-content su-u-clearfix su-u-trim\">\n<p><strong>2022- Paleo, Roc\u00edo<\/strong><\/p>\n<p>\u00abEfecto de la perturbaci\u00f3n humana del paisaje y la dieta sobre la microbiota gastrointestinal de carn\u00edvoros silvestres en la Regi\u00f3n de Los Lagos\u201d. Tesis de Doctorado en Ciencias con menci\u00f3n en Manejo y Conservaci\u00f3n de Recursos Naturales (<strong>En Curso<\/strong>). Universidad de Los Lagos, Puerto Montt-Chile. Patrocinante: <span style=\"color: #003366;\"><a style=\"color: #003366;\" href=\"http:\/\/cienciasbiologicas.ulagos.cl\/?page_id=270\">Dra. Constanza Napolitano<\/a><\/span><\/p>\n<p>&nbsp;<\/p>\n<p><strong>2022- Ugarte, Carolina<\/strong><\/p>\n<p>\u00abTrampas Evolutivas: Herramientas para comprender y mitigar el conflicto humano-carn\u00edvoro\u201d. Tesis Doctorado en Ciencias con menci\u00f3n en Manejo y Conservaci\u00f3n de Recursos Naturales (<strong>En Curso<\/strong>). Universidad de Los Lagos, Puerto Montt-Chile. Patrocinante: <span style=\"color: #003366;\"><a style=\"color: #003366;\" href=\"http:\/\/cienciasbiologicas.ulagos.cl\/?page_id=270\">Dra. Constanza Napolitano<\/a><\/span><\/p>\n<p>&nbsp;<\/p>\n<p><strong>2021- Castillo, Jessica<\/strong><\/p>\n<p>\u00ab\u00c1reas prioritarias a restaurar en la comuna de Quilpu\u00e9, Regi\u00f3n de Valpara\u00edso\u00bb. Tesis de Doctorado en Ecosistemas Forestales y Recursos Naturales (<strong>En Curso<\/strong>). Universidad Austral de Chile, Valdivia-Chile. Patrocinante <a href=\"http:\/\/cienciasbiologicas.ulagos.cl\/?page_id=211\"><span style=\"color: #003366;\">Dra. Cecilia Smith<\/span><\/a><\/p>\n<p>&nbsp;<\/p>\n<p><strong>2021- Huaranca, Juan<\/strong><\/p>\n<p>\u201cEfectos directos e indirectos de la ganader\u00eda de cam\u00e9lidos sobre el uso espacial y temporal del gato andino (Leopardus jacobita) y del gato colocolo (L. colocolo) en el altiplano de los Andes centrales\u201d. Tesis de Doctorado en Ciencias con menci\u00f3n en Manejo y Conservaci\u00f3n de Recursos Naturales (<strong>Finalizada<\/strong>).Universidad de Los Lagos, Puerto Montt-Chile. Patrocinante: <span style=\"color: #003366;\"><a style=\"color: #003366;\" href=\"http:\/\/cienciasbiologicas.ulagos.cl\/?page_id=213\">Dr. Carlos Valdivia<\/a><\/span><\/p>\n<p>&nbsp;<\/p>\n<p><strong>2021- Orellana, Ignacio<\/strong><\/p>\n<p>\u00abEfectos del calentamiento global sobre la interacci\u00f3n planta carn\u00edvora-animal: Drosera uniflora como indicador ambiental de la integridad ecol\u00f3gica en comunidades de altura\u00bb. Tesis de Doctorado en Ciencias con menci\u00f3n en Manejo y Conservaci\u00f3n de Recursos Naturales (<strong>Finalizada<\/strong>).Universidad de Los Lagos, Puerto Montt-Chile. Patrocinante: <span style=\"color: #003366;\"><a style=\"color: #003366;\" href=\"http:\/\/cienciasbiologicas.ulagos.cl\/?page_id=213\">Dr. Carlos Valdivia<\/a><\/span><\/p>\n<p>&nbsp;<\/p>\n<p><strong>2021- Sturla, Karina<\/strong><\/p>\n<p>\u00abDin\u00e1mica territorial y severidad de los incendios en Chile central\u00bb. Tesis de Doctorado en Ciencias de la Complejidad Social (<strong>En Curso<\/strong>). Universidad del Desarrollo, Santiago-Chile. Patrocinante: <span style=\"color: #003366;\"><a style=\"color: #003366;\" href=\"http:\/\/cienciasbiologicas.ulagos.cl\/?page_id=211\">Dra. Cecilia Smith<\/a><\/span><\/p>\n<p>&nbsp;<\/p>\n<p><strong>2021- Vargas, Rodrigo<\/strong><\/p>\n<p>\u00abModulaci\u00f3n del sistema inmune en Salmo salar (salm\u00f3n del Atl\u00e1ntico) por parte de la microbiota intestinal mediante la producci\u00f3n del \u00e1cido graso de cadena corta butirato\u00bb. Tesis de Doctorado en Microbiolog\u00eda (<strong>En Curso<\/strong>). Universidad de Santiago de Chile, Santiago-Chile. Co-Patrocinante: <span style=\"color: #003366;\"><a style=\"color: #003366;\" href=\"http:\/\/cienciasbiologicas.ulagos.cl\/?page_id=215\">Dr. Alex Gonz\u00e1lez<\/a><\/span><\/p>\n<p>&nbsp;<\/p>\n<p><strong>2021- Y\u00e9venes, Marco<\/strong><\/p>\n<p>\u00abAspectos gen\u00e9ticos y epigen\u00e9ticos de la adaptaci\u00f3n local de poblaciones naturales de choritos (Mytilus chilensis): relevancia para la conservaci\u00f3n de recursos naturales\u00bb. Tesis de Doctorado en Ciencias con menci\u00f3n en Manejo y Conservaci\u00f3n de Recursos Naturales (<strong>Finalizada<\/strong>). Universidad de Los Lagos, Puerto Montt-Chile. Patrocinante: <span style=\"color: #003366;\"><a style=\"color: #003366;\" href=\"http:\/\/cienciasbiologicas.ulagos.cl\/?page_id=207\">Dr. Gonzalo Gajardo<\/a><\/span><\/p>\n<p>&nbsp;<\/p>\n<p><strong>2021- Z\u00fa\u00f1iga, Alfredo<\/strong><\/p>\n<p>\u00abEfecto de incendios sobre la diversidad de la fauna en bosques del sur de Chile\u00bb.\u00a0Tesis de Doctorado en Ciencias con menci\u00f3n en Manejo y Conservaci\u00f3n de Recursos Naturales (<strong>Finalizada<\/strong>). Universidad de Los Lagos, Puerto Montt-Chile. Patrocinante: \u00a0<span style=\"color: #003366;\"><a style=\"color: #003366;\" href=\"http:\/\/cienciasbiologicas.ulagos.cl\/?page_id=209\">Dr. Jaime Rau<\/a><\/span><\/p>\n<p>&nbsp;<\/p>\n<p><strong>2020- Triay, Onaylis<\/strong><\/p>\n<p>\u00abEfectividad de la dispersi\u00f3n de semillas por zorros en paisajes con distintos grados de perturbaci\u00f3n del sur de Chile\u00bb. Tesis de Doctorado en Ciencias con menci\u00f3n en Manejo y Conservaci\u00f3n de Recursos Naturales (<strong>En Curso<\/strong>). Universidad de Los Lagos, PuertoMontt-Chile. Patrocinante:\u00a0 <span style=\"color: #003366;\"><a style=\"color: #003366;\" href=\"http:\/\/cienciasbiologicas.ulagos.cl\/?page_id=270\">Dra. Constanza Napolitano<\/a><\/span><\/p>\n<p>&nbsp;<\/p>\n<p><strong>2019- Cursach, Jaime<\/strong><\/p>\n<p>\u00abEcolog\u00eda del pel\u00edcano Pelecanus thagus en su rango austral de distribuci\u00f3n: la Regi\u00f3n de Los Lagos, sur de Chile\u00bb. Tesis de Doctorado en Ciencias con menci\u00f3n en Manejo y Conservaci\u00f3n de Recursos Naturales (<strong>Finalizada<\/strong>).Universidad de Los Lagos, Puerto Montt-Chile. Patrocinante: <span style=\"color: #003366;\"><a style=\"color: #003366;\" href=\"http:\/\/cienciasbiologicas.ulagos.cl\/?page_id=209\">Dr. Jaime Rau<\/a><\/span><\/p>\n<p>&nbsp;<\/p>\n<\/div><\/div>\n<div class=\"su-spoiler su-spoiler-style-default su-spoiler-icon-plus su-spoiler-closed\" data-scroll-offset=\"0\" data-anchor-in-url=\"no\"><div class=\"su-spoiler-title\" tabindex=\"0\" role=\"button\"><span class=\"su-spoiler-icon\"><\/span><strong>MAGISTER<\/strong><\/div><div class=\"su-spoiler-content su-u-clearfix su-u-trim\">\n<p><strong>2021- Ismail, Cassamo<\/strong><br \/>\n\u00abAn\u00e1lisis multitemporal de riesgo de erosi\u00f3n en la cuenca del r\u00edo Lugenda, Mozambique\u00bb. Tesis Mag\u00edster en Ciencias menci\u00f3n Producci\u00f3n, Manejo y Conservaci\u00f3n de Recursos Naturales (<strong>Finalizada<\/strong>). Universidad de Los Lagos, Puerto Montt-Chile. Patrocinante: <span style=\"color: #003366;\"><a style=\"color: #003366;\" href=\"http:\/\/cienciasbiologicas.ulagos.cl\/?page_id=213\">Dr. Carlos Valdivia<\/a><\/span><\/p>\n<\/div><\/div>\n<div class=\"su-spoiler su-spoiler-style-default su-spoiler-icon-plus su-spoiler-closed\" data-scroll-offset=\"0\" data-anchor-in-url=\"no\"><div class=\"su-spoiler-title\" tabindex=\"0\" role=\"button\"><span class=\"su-spoiler-icon\"><\/span><strong>PREGRADO<\/strong><\/div><div class=\"su-spoiler-content su-u-clearfix su-u-trim\">\n<p><strong>2024- Queulo, B\u00e1rbara<\/strong><\/p>\n<p>\u00abEstudio de la biodiversidad en Laguna M\u00e1gica, Puerto Oscuro, Ensenada, Regi\u00f3n de Los Lagos\u00bb. Pr\u00e1ctica Carrera de Ingenier\u00eda en Recursos Naturales Renovables (<strong>Finalizada<\/strong>). Universidad Cat\u00f3lica de Temuco, Temuco-Chile. Patrocinante:<span style=\"color: #000080;\"> <a style=\"color: #000080;\" href=\"http:\/\/cienciasbiologicas.ulagos.cl\/?page_id=200\">MSc. Julio Crespo<\/a><\/span><\/p>\n<p>&nbsp;<\/p>\n<p><strong>2024- Rubilar, Flavia<\/strong><\/p>\n<p>\u201cImplementaci\u00f3n de ecorefugios en la Comuna de Hualaihu\u00e9, Regi\u00f3n de Los Lagos\u201d. Tesis Ingenier\u00eda (E) Administraci\u00f3n de Empresas (<strong>Finalizada<\/strong>). Universidad de Los Lagos, Puerto Montt-Chile. Patrocinante: <span style=\"color: #000080;\"><a style=\"color: #000080;\" href=\"http:\/\/cienciasbiologicas.ulagos.cl\/?page_id=200\">MSc. Julio Crespo<\/a><\/span><\/p>\n<p>&nbsp;<\/p>\n<p><strong>2024- Olivares, Fernanda<\/strong><\/p>\n<p>\u00abPolinizadores asociados a <em>Gevuina avellana<\/em>\u00a0en zonas urbanas de Valdivia, Chile. Tesis Bi\u00f3loga (<strong>En Curso<\/strong>). Universidad Austral de Chile, Valdivia-Chile. Co-Patrocinante: Dr. Rodrigo Barahona<\/p>\n<p>&nbsp;<\/p>\n<p><strong>2023- Vivanco, E<\/strong><\/p>\n<p>\u00abEvaluaci\u00f3n de la dieta del ping\u00fcino de Magallanes <em>Spheniscus magellanicus<\/em> durante una estaci\u00f3n reproductiva en una colonia del sur de Chile\u00bb. Tesis Bi\u00f3logo Marino (<strong>En Curso<\/strong>). Universidad de Los Lagos, Osorno-Chile. Patrocinante: <span style=\"color: #000080;\"><a style=\"color: #000080;\" href=\"http:\/\/cienciasbiologicas.ulagos.cl\/?page_id=209\">Dr. Jaime Rau<\/a><\/span><\/p>\n<p>&nbsp;<\/p>\n<p><strong>2021- \u00c1lvarez, Yoselyn<\/strong><\/p>\n<p>\u00abBiorremedaci\u00f3n de lodos contaminados con cobre proveniente de la industria encargada a la confecci\u00f3n y mantenci\u00f3n de redes de cultivo utilizando la bacteria <em>Pantoea agglomerans<\/em>\u00ab. Tesis Ingenier\u00eda Ambiental (<strong>En Curso<\/strong>). Universidad de Los Lagos, Puerto Montt-Chile. Patrocinante:\u00a0 <span style=\"color: #003366;\"><a style=\"color: #003366;\" href=\"http:\/\/cienciasbiologicas.ulagos.cl\/?page_id=215\">Dr. Alex Gonz\u00e1lez<\/a><\/span><\/p>\n<p>&nbsp;<\/p>\n<p><strong>2021- Arriagada, Cristian<\/strong><\/p>\n<p>\u00abAn\u00e1lisis espacial de deforestaci\u00f3n en r\u00edos de la provincia de Osorno, Regi\u00f3n de Los Lagos\u00bb. Pr\u00e1ctica Carrera de Ingenier\u00eda en Recursos Naturales Renovables (<strong>Finalizada<\/strong>). Universidad de Chile, Santiago-Chile. Patrocinante: \u00a0<span style=\"color: #003366;\"><a style=\"color: #003366;\" href=\"http:\/\/cienciasbiologicas.ulagos.cl\/?page_id=211\">Dra. Cecilia Smith<\/a><\/span><\/p>\n<p>&nbsp;<\/p>\n<p><strong>2021- Cort\u00e9s, Benito<\/strong><\/p>\n<p>\u00abRendimiento de los visitantes florales para lograr la polinizaci\u00f3n del ar\u00e1ndano en dos cultivos ubicados en la comuna de Paillaco, Regi\u00f3n de Los R\u00edos\u00bb. Tesis Ingenier\u00eda en Conservaci\u00f3n de Recursos Naturales (<strong>En Curso<\/strong>). Universidad Austral de Chile, Valdivia-Chile. Patrocinante: \u00a0<span style=\"color: #003366;\"><a style=\"color: #003366;\" href=\"http:\/\/cienciasbiologicas.ulagos.cl\/?page_id=211\">Dra. Cecilia Smith<\/a><\/span><\/p>\n<p>&nbsp;<\/p>\n<p><strong>2021- Gutierr\u00e9z, Nicol<\/strong><\/p>\n<p>\u00abServicios ecosist\u00e9micos de las aves de pradera en sectores agr\u00edcolas-ganaderos en la Regi\u00f3n de los Lagos: Revisi\u00f3n Bibliogr\u00e1fica\u00bb. Pr\u00e1ctica Carrera de Ingenier\u00eda en Conservaci\u00f3n de Recursos Naturales (<strong>Finalizada<\/strong>). Universidad Austral de Chile, Valdivia-Chile. Patrocinante: <span style=\"color: #003366;\"><a style=\"color: #003366;\" href=\"http:\/\/cienciasbiologicas.ulagos.cl\/?page_id=200\">MSc. Julio Crespo<\/a><\/span><\/p>\n<p>&nbsp;<\/p>\n<p><strong>2021- Murillo, Nicol\u00e1s<\/strong><\/p>\n<p>\u00abServicios ecosist\u00e9micos de los insectos en sistemas agr\u00edcola-ganaderos presentes en la X Regi\u00f3n de Los Lagos\u00bb. Pr\u00e1ctica Carrera de Ingenier\u00eda en Conservaci\u00f3n de Recursos Naturales (<strong>Finalizada<\/strong>). Universidad Austral de Chile, Valdivia-Chile. Patrocinante: <span style=\"color: #003366;\"><a style=\"color: #003366;\" href=\"http:\/\/cienciasbiologicas.ulagos.cl\/?page_id=200\">MSc. Julio Crespo<\/a><\/span><\/p>\n<p>&nbsp;<\/p>\n<p><strong>2021- Pacheco, Paola<\/strong><\/p>\n<p>\u00abEfecto de la actividad agr\u00edcola-ganadero en los cursos de agua en la regi\u00f3n de Los Lagos\u00bb. Pr\u00e1ctica Carrera de Ingenier\u00eda en Conservaci\u00f3n de Recursos Naturales (<strong>Finalizada<\/strong>). Universidad Austral de Chile, Valdivia-Chile. Patrocinante: <span style=\"color: #003366;\"><a style=\"color: #003366;\" href=\"http:\/\/cienciasbiologicas.ulagos.cl\/?page_id=200\">MSc. Julio Crespo<\/a><\/span><\/p>\n<p>&nbsp;<\/p>\n<p><strong>2021- Parra, Vannia<\/strong><\/p>\n<p>\u00abIdentificaci\u00f3n y deforestaci\u00f3n de las nacientes del r\u00edo Damas, Provincia de Osorno\u00bb. Pr\u00e1ctica Carrera de Ingenier\u00eda en Recursos Naturales Renovables (<strong>Finalizada<\/strong>). Universidad de Chile, Santiago-Chile. Patrocinante: \u00a0<span style=\"color: #003366;\"><a style=\"color: #003366;\" href=\"http:\/\/cienciasbiologicas.ulagos.cl\/?page_id=211\">Dra. Cecilia Smith<\/a><\/span><\/p>\n<p>&nbsp;<\/p>\n<p><strong>2021- Tapia, Maura<\/strong><\/p>\n<p>\u00abPreferencias florales de Bombus dahlbomii: una revisi\u00f3n\u00bb. Pr\u00e1ctica Carrera de Biolog\u00eda, menci\u00f3n en Medio Ambiente (<strong>Finalizada<\/strong>). Universidad de Chile, Santiago-Chile. Patrocinante:<span style=\"color: #003366;\"> <a style=\"color: #003366;\" href=\"http:\/\/cienciasbiologicas.ulagos.cl\/?page_id=211\">Dra. Cecilia Smith<\/a><\/span><\/p>\n<p>&nbsp;<\/p>\n<p><strong>2020- Gatica, Natalia<\/strong><\/p>\n<p>\u00abDiagn\u00f3stico ambiental Complejo Recreativo Cascadas, Universidad de Los Lagos, Puerto Octay, Regi\u00f3n de Los Lagos\u00bb. Pr\u00e1ctica Carrera de Ingenier\u00eda en Conservaci\u00f3n de Recursos Naturales (<strong>Finalizada<\/strong>). Universidad Austral de Chile, Valdivia-Chile. Patrocinante: <span style=\"color: #003366;\"><a style=\"color: #003366;\" href=\"http:\/\/cienciasbiologicas.ulagos.cl\/?page_id=200\">MSc. Julio Crespo<\/a><\/span><\/p>\n<p>&nbsp;<\/p>\n<\/div><\/div>\n<\/div>\n","protected":false},"excerpt":{"rendered":"","protected":false},"author":5,"featured_media":0,"parent":984,"menu_order":0,"comment_status":"closed","ping_status":"closed","template":"template_menu_vertical.php","meta":{"_uag_custom_page_level_css":"","footnotes":""},"class_list":["post-1021","page","type-page","status-publish","hentry"],"uagb_featured_image_src":{"full":false,"thumbnail":false,"medium":false,"medium_large":false,"large":false,"1536x1536":false,"2048x2048":false,"detacado_home":false,"home":false,"destacado":false},"uagb_author_info":{"display_name":"cristian","author_link":"https:\/\/cienciasbiologicas.ulagos.cl\/?author=5"},"uagb_comment_info":0,"uagb_excerpt":null,"_links":{"self":[{"href":"https:\/\/cienciasbiologicas.ulagos.cl\/index.php?rest_route=\/wp\/v2\/pages\/1021","targetHints":{"allow":["GET"]}}],"collection":[{"href":"https:\/\/cienciasbiologicas.ulagos.cl\/index.php?rest_route=\/wp\/v2\/pages"}],"about":[{"href":"https:\/\/cienciasbiologicas.ulagos.cl\/index.php?rest_route=\/wp\/v2\/types\/page"}],"author":[{"embeddable":true,"href":"https:\/\/cienciasbiologicas.ulagos.cl\/index.php?rest_route=\/wp\/v2\/users\/5"}],"replies":[{"embeddable":true,"href":"https:\/\/cienciasbiologicas.ulagos.cl\/index.php?rest_route=%2Fwp%2Fv2%2Fcomments&post=1021"}],"version-history":[{"count":82,"href":"https:\/\/cienciasbiologicas.ulagos.cl\/index.php?rest_route=\/wp\/v2\/pages\/1021\/revisions"}],"predecessor-version":[{"id":1888,"href":"https:\/\/cienciasbiologicas.ulagos.cl\/index.php?rest_route=\/wp\/v2\/pages\/1021\/revisions\/1888"}],"up":[{"embeddable":true,"href":"https:\/\/cienciasbiologicas.ulagos.cl\/index.php?rest_route=\/wp\/v2\/pages\/984"}],"wp:attachment":[{"href":"https:\/\/cienciasbiologicas.ulagos.cl\/index.php?rest_route=%2Fwp%2Fv2%2Fmedia&parent=1021"}],"curies":[{"name":"wp","href":"https:\/\/api.w.org\/{rel}","templated":true}]}}