{"id":10,"date":"2019-10-07T16:39:26","date_gmt":"2019-10-07T14:39:26","guid":{"rendered":"http:\/\/cienciasbiologicas.ulagos.cl\/?page_id=10"},"modified":"2020-06-18T18:59:11","modified_gmt":"2020-06-18T16:59:11","slug":"home","status":"publish","type":"page","link":"https:\/\/cienciasbiologicas.ulagos.cl\/?page_id=10","title":{"rendered":"Home"},"content":{"rendered":"\r\n<div class=\"row\">\r\n<p>La historia departamental se remonta al a\u00f1o 1992, per\u00edodo en que surge el Departamento de Ciencias B\u00e1sicas dirigido en esa \u00e9poca por el Dr. Alberto Carvacho Bravo -uno de los fundadores y primer director- y que estuvo conformado inicialmente por acad\u00e9micos provenientes de los Departamentos de Qu\u00edmica y Alimentos, de Educaci\u00f3n y Ciencias, y de Acuicultura y Recursos Acu\u00e1ticos del ex Instituto Profesional de Osorno.<\/p>\r\n\r\n\r\n\r\n<p>Luego de la creaci\u00f3n de la Universidad de Los Lagos en septiembre de 1993, se decreta su dependencia a la Vicerrector\u00eda Acad\u00e9mica de ULagos. As\u00ed, y luego de dos d\u00e9cadas de existencia como Departamento de Ciencias B\u00e1sicas y tras m\u00faltiples esfuerzos nuestra unidad acad\u00e9mica adopta en octubre de 2012 el nombre de Departamento de Ciencias Biol\u00f3gicas y Biodiversidad (Depto. CBB), el cual actualmente est\u00e1 conformado por 11 jornadas completas (4 Profesores Titulares y 7 Profesores Asociados) con formaci\u00f3n a nivel de Mag\u00edster, Doctorado y Postdoctorado que desarrollan su investigaci\u00f3n en los laboratorios y dependencias <em>ad-hoc<\/em>. Asimismo, los colaboradores adscritos a nuestra unidad acad\u00e9mica se desenvuelven en el \u00e1rea de la gesti\u00f3n administrativa y la asistencia t\u00e9cnica-profesional en los distintos laboratorios de investigaci\u00f3n y de docencia, que fortalecen en parte nuestra din\u00e1mica departamental.<\/p>\r\n\r\n\r\n\r\n<p><strong>Misi\u00f3n y Visi\u00f3n Departamental<\/strong><br \/>Los altos est\u00e1ndares de calidad y productividad del departamento han sido aspectos claves en el aporte de indicadores a la universidad, particularmente porque el compromiso y dedicaci\u00f3n permanente de sus integrantes ha permitido ir avanzando en su prop\u00f3sito. La raz\u00f3n de ser y nuestras pretensiones como departamento siguen a lo plasmado en planes de desarrollo previos.<\/p>\r\n<p><strong>MISI\u00d3N<\/strong><\/p>\r\n<p>La Misi\u00f3n del Departamento de Ciencias Biol\u00f3gicas y Biodiversidad est\u00e1 centrada en la generaci\u00f3n de conocimiento a trav\u00e9s del desarrollo de investigaci\u00f3n cient\u00edfica de excelencia en los \u00e1mbitos de las Ciencias Biol\u00f3gicas y Ambientales. La investigaci\u00f3n tambi\u00e9n es concebida como un mecanismo fundamental en la formaci\u00f3n de las personas, puesto que \u00e9sta entrega los fundamentos necesarios para el desarrollo profesional futuro relacionado con la generaci\u00f3n de cambios efectivos en el contexto econ\u00f3mico-social ya sea a nivel local, regional o nacional. Asimismo, el Departamento es responsable, a trav\u00e9s de la divulgaci\u00f3n del conocimiento generado, de hacer part\u00edcipe a la ciudadan\u00eda de esta cultura para mejorar la calidad de vida.<\/p>\r\n<p><strong>VISI\u00d3N<\/strong><\/p>\r\n<p>El Departamento de Ciencias Biol\u00f3gicas y Biodiversidad pretende potenciar la investigaci\u00f3n en \u00e1reas disciplinarias de su competencia de tal forma de consolidarse como un centro de producci\u00f3n cient\u00edfica de renombre a nivel regional y un polo de atracci\u00f3n de mentes j\u00f3venes con intereses en el estudio de las ciencias. Este anhelo se consolidar\u00e1 con el trabajo mancomunado de cada uno de los integrantes de esta unidad acad\u00e9mica, y con una gesti\u00f3n moderna y eficiente acorde con los nuevos desaf\u00edos del desarrollo institucional.<\/p>\r\n<\/div>\r\n\r\n\r\n\r\n<p>&nbsp;<\/p>","protected":false},"excerpt":{"rendered":"<p>La historia departamental se remonta al a\u00f1o 1992, per\u00edodo en que surge el Departamento de Ciencias B\u00e1sicas dirigido en esa \u00e9poca por el Dr. Alberto Carvacho Bravo -uno de los fundadores y primer director- y que estuvo conformado inicialmente por acad\u00e9micos provenientes de los Departamentos de Qu\u00edmica y Alimentos, de Educaci\u00f3n y Ciencias, y de [&hellip;]<\/p>\n","protected":false},"author":1,"featured_media":0,"parent":0,"menu_order":0,"comment_status":"closed","ping_status":"closed","template":"template_menu_horizontal_sintitulo.php","meta":{"_uag_custom_page_level_css":"","footnotes":""},"class_list":["post-10","page","type-page","status-publish","hentry"],"uagb_featured_image_src":{"full":false,"thumbnail":false,"medium":false,"medium_large":false,"large":false,"1536x1536":false,"2048x2048":false,"banner":false,"bannerresponsive":false,"desta_pageleft":false,"detacado_home":false,"home":false,"homepost":false},"uagb_author_info":{"display_name":"cel __ @celsoperez","author_link":"https:\/\/cienciasbiologicas.ulagos.cl\/?author=1"},"uagb_comment_info":0,"uagb_excerpt":"La historia departamental se remonta al a\u00f1o 1992, per\u00edodo en que surge el Departamento de Ciencias B\u00e1sicas dirigido en esa \u00e9poca por el Dr. Alberto Carvacho Bravo -uno de los fundadores y primer director- y que estuvo conformado inicialmente por acad\u00e9micos provenientes de los Departamentos de Qu\u00edmica y Alimentos, de Educaci\u00f3n y Ciencias, y de&hellip;","_links":{"self":[{"href":"https:\/\/cienciasbiologicas.ulagos.cl\/index.php?rest_route=\/wp\/v2\/pages\/10","targetHints":{"allow":["GET"]}}],"collection":[{"href":"https:\/\/cienciasbiologicas.ulagos.cl\/index.php?rest_route=\/wp\/v2\/pages"}],"about":[{"href":"https:\/\/cienciasbiologicas.ulagos.cl\/index.php?rest_route=\/wp\/v2\/types\/page"}],"author":[{"embeddable":true,"href":"https:\/\/cienciasbiologicas.ulagos.cl\/index.php?rest_route=\/wp\/v2\/users\/1"}],"replies":[{"embeddable":true,"href":"https:\/\/cienciasbiologicas.ulagos.cl\/index.php?rest_route=%2Fwp%2Fv2%2Fcomments&post=10"}],"version-history":[{"count":20,"href":"https:\/\/cienciasbiologicas.ulagos.cl\/index.php?rest_route=\/wp\/v2\/pages\/10\/revisions"}],"predecessor-version":[{"id":1688,"href":"https:\/\/cienciasbiologicas.ulagos.cl\/index.php?rest_route=\/wp\/v2\/pages\/10\/revisions\/1688"}],"wp:attachment":[{"href":"https:\/\/cienciasbiologicas.ulagos.cl\/index.php?rest_route=%2Fwp%2Fv2%2Fmedia&parent=10"}],"curies":[{"name":"wp","href":"https:\/\/api.w.org\/{rel}","templated":true}]}}